{"id":11365,"date":"2023-07-12T13:26:01","date_gmt":"2023-07-12T13:26:01","guid":{"rendered":"https:\/\/www.adaptart.com\/MARIO\/BOCETO\/WEB\/?page_id=11365"},"modified":"2023-07-17T09:15:08","modified_gmt":"2023-07-17T09:15:08","slug":"cursos","status":"publish","type":"page","link":"https:\/\/www.adaptart.com\/MARIO\/BOCETO\/WEB\/cursos\/","title":{"rendered":"Cursos"},"content":{"rendered":"<section class=\"wpb-content-wrapper\"><p>[vc_row parallax=\u00bbcontent-moving\u00bb][vc_column parallax=\u00bbcontent-moving\u00bb css=\u00bb.vc_custom_1689168572341{background-image: url(https:\/\/www.adaptart.com\/MARIO\/BOCETO\/WEB\/wp-content\/uploads\/2023\/07\/FONDO_TESTIMONIALS.jpg?id=10939) !important;background-position: center !important;background-repeat: no-repeat !important;background-size: cover !important;}\u00bb][vc_row_inner el_class=\u00bbtheme-container\u00bb][vc_column_inner][vc_column_text css=\u00bb.vc_custom_1689340177696{padding-top: 50px !important;padding-bottom: 50px !important;}\u00bb]<\/p>\n<h3 style=\"text-align: center;\"><span style=\"font-size: 20pt;\">Todo guerrero y guerrera de \u00abEl Clan\u00bb debe dominar los colores del \u00c1nkar.<\/span><\/h3>\n<p>&nbsp;<\/p>\n<p style=\"text-align: center;\"><span style=\"color: #eeeeee;\">La formaci\u00f3n tiene una duraci\u00f3n de un fin de semana, 8 horas el s\u00e1bado y 8 horas el domingo con pausa para comer.<\/span><\/p>\n<p style=\"text-align: center;\"><span style=\"color: #eeeeee;\">El n\u00famero de plazas es limitado para una mejor atenci\u00f3n personalizada a cada uno de los participantes.<\/span><\/p>\n<p style=\"text-align: center;\"><span style=\"color: #eeeeee;\">Est\u00e1n abiertos a todos los niveles de pintura.<\/span><\/p>\n<p style=\"text-align: center;\"><span style=\"color: #eeeeee;\">Miniatura incluida en precio.<\/span><\/p>\n<p style=\"text-align: center;\"><span style=\"color: #eeeeee;\">Pinturas y materiales disponibles. Solamente tendr\u00e1s que llevar tus pinceles.<\/span><\/p>\n<p>[\/vc_column_text][\/vc_column_inner][\/vc_row_inner][\/vc_column][\/vc_row][vc_row][vc_column][vc_empty_space]<div class=\"shortcode-title center \"><h3 class=\"normal-title\" style=\"color:#ffffff;\">Pr\u00f3ximos cursos:<\/h3><h3 class=\"sub-title\">\u00a1RESERVA TU PLAZA!<\/h3><\/div>[vc_empty_space][\/vc_column][\/vc_row][vc_row][vc_column][vc_row_inner el_class=\u00bbtheme-container\u00bb][vc_column_inner width=\u00bb1\/3&#8243;][vc_single_image image=\u00bb11389&#8243; img_size=\u00bbfull\u00bb alignment=\u00bbcenter\u00bb][\/vc_column_inner][vc_column_inner width=\u00bb1\/3&#8243;][vc_single_image image=\u00bb11390&#8243; img_size=\u00bbfull\u00bb alignment=\u00bbcenter\u00bb][\/vc_column_inner][vc_column_inner width=\u00bb1\/3&#8243;][vc_single_image image=\u00bb11391&#8243; img_size=\u00bbfull\u00bb alignment=\u00bbcenter\u00bb][\/vc_column_inner][\/vc_row_inner][\/vc_column][\/vc_row]<\/p>\n<\/section>","protected":false},"excerpt":{"rendered":"<p>[vc_row parallax=\u00bbcontent-moving\u00bb][vc_column parallax=\u00bbcontent-moving\u00bb css=\u00bb.vc_custom_1689168572341{background-image: url(https:\/\/www.adaptart.com\/MARIO\/BOCETO\/WEB\/wp-content\/uploads\/2023\/07\/FONDO_TESTIMONIALS.jpg?id=10939) !important;background-position: center !important;background-repeat: no-repeat !important;background-size: cover !important;}\u00bb][vc_row_inner el_class=\u00bbtheme-container\u00bb][vc_column_inner][vc_column_text css=\u00bb.vc_custom_1689340177696{padding-top: 50px !important;padding-bottom: 50px !important;}\u00bb] Todo guerrero y guerrera de \u00abEl Clan\u00bb debe dominar los colores del \u00c1nkar. &nbsp; La formaci\u00f3n tiene una duraci\u00f3n de un fin de semana, 8 horas el s\u00e1bado y 8 horas el domingo con pausa para comer. El n\u00famero de plazas es limitado para una mejor atenci\u00f3n personalizada a cada uno de los participantes. Est\u00e1n abiertos a todos los niveles de pintura. Miniatura incluida en precio. Pinturas y materiales disponibles. Solamente tendr\u00e1s que llevar tus pinceles. [\/vc_column_text][\/vc_column_inner][\/vc_row_inner][\/vc_column][\/vc_row][vc_row][vc_column][vc_empty_space][vc_empty_space][\/vc_column][\/vc_row][vc_row][vc_column][vc_row_inner el_class=\u00bbtheme-container\u00bb][vc_column_inner width=\u00bb1\/3&#8243;][vc_single_image image=\u00bb11389&#8243; img_size=\u00bbfull\u00bb alignment=\u00bbcenter\u00bb][\/vc_column_inner][vc_column_inner width=\u00bb1\/3&#8243;][vc_single_image image=\u00bb11390&#8243; img_size=\u00bbfull\u00bb alignment=\u00bbcenter\u00bb][\/vc_column_inner][vc_column_inner width=\u00bb1\/3&#8243;][vc_single_image image=\u00bb11391&#8243; img_size=\u00bbfull\u00bb alignment=\u00bbcenter\u00bb][\/vc_column_inner][\/vc_row_inner][\/vc_column][\/vc_row]<\/p>\n","protected":false},"author":1,"featured_media":0,"parent":0,"menu_order":0,"comment_status":"closed","ping_status":"closed","template":"page-templates\/home.php","meta":{"footnotes":""},"class_list":["post-11365","page","type-page","status-publish","hentry"],"yoast_head":"<!-- This site is optimized with the Yoast SEO plugin v25.6 - https:\/\/yoast.com\/wordpress\/plugins\/seo\/ -->\n<title>Cursos - KADAZRA<\/title>\n<meta name=\"robots\" content=\"index, follow, max-snippet:-1, max-image-preview:large, max-video-preview:-1\" \/>\n<link rel=\"canonical\" href=\"https:\/\/www.adaptart.com\/MARIO\/BOCETO\/WEB\/cursos\/\" \/>\n<meta property=\"og:locale\" content=\"es_ES\" \/>\n<meta property=\"og:type\" content=\"article\" \/>\n<meta property=\"og:title\" content=\"Cursos - KADAZRA\" \/>\n<meta property=\"og:description\" content=\"[vc_row parallax=\u00bbcontent-moving\u00bb][vc_column parallax=\u00bbcontent-moving\u00bb css=\u00bb.vc_custom_1689168572341{background-image: url(https:\/\/www.adaptart.com\/MARIO\/BOCETO\/WEB\/wp-content\/uploads\/2023\/07\/FONDO_TESTIMONIALS.jpg?id=10939) !important;background-position: center !important;background-repeat: no-repeat !important;background-size: cover !important;}\u00bb][vc_row_inner el_class=\u00bbtheme-container\u00bb][vc_column_inner][vc_column_text css=\u00bb.vc_custom_1689340177696{padding-top: 50px !important;padding-bottom: 50px !important;}\u00bb] Todo guerrero y guerrera de \u00abEl Clan\u00bb debe dominar los colores del \u00c1nkar. &nbsp; La formaci\u00f3n tiene una duraci\u00f3n de un fin de semana, 8 horas el s\u00e1bado y 8 horas el domingo con pausa para comer. El n\u00famero de plazas es limitado para una mejor atenci\u00f3n personalizada a cada uno de los participantes. Est\u00e1n abiertos a todos los niveles de pintura. Miniatura incluida en precio. Pinturas y materiales disponibles. Solamente tendr\u00e1s que llevar tus pinceles. [\/vc_column_text][\/vc_column_inner][\/vc_row_inner][\/vc_column][\/vc_row][vc_row][vc_column][vc_empty_space][vc_empty_space][\/vc_column][\/vc_row][vc_row][vc_column][vc_row_inner el_class=\u00bbtheme-container\u00bb][vc_column_inner width=\u00bb1\/3&#8243;][vc_single_image image=\u00bb11389&#8243; img_size=\u00bbfull\u00bb alignment=\u00bbcenter\u00bb][\/vc_column_inner][vc_column_inner width=\u00bb1\/3&#8243;][vc_single_image image=\u00bb11390&#8243; img_size=\u00bbfull\u00bb alignment=\u00bbcenter\u00bb][\/vc_column_inner][vc_column_inner width=\u00bb1\/3&#8243;][vc_single_image image=\u00bb11391&#8243; img_size=\u00bbfull\u00bb alignment=\u00bbcenter\u00bb][\/vc_column_inner][\/vc_row_inner][\/vc_column][\/vc_row]\" \/>\n<meta property=\"og:url\" content=\"https:\/\/www.adaptart.com\/MARIO\/BOCETO\/WEB\/cursos\/\" \/>\n<meta property=\"og:site_name\" content=\"KADAZRA\" \/>\n<meta property=\"article:modified_time\" content=\"2023-07-17T09:15:08+00:00\" \/>\n<meta name=\"twitter:card\" content=\"summary_large_image\" \/>\n<meta name=\"twitter:label1\" content=\"Tiempo de lectura\" \/>\n\t<meta name=\"twitter:data1\" content=\"1 minuto\" \/>\n<script type=\"application\/ld+json\" class=\"yoast-schema-graph\">{\"@context\":\"https:\/\/schema.org\",\"@graph\":[{\"@type\":\"WebPage\",\"@id\":\"https:\/\/www.adaptart.com\/MARIO\/BOCETO\/WEB\/cursos\/\",\"url\":\"https:\/\/www.adaptart.com\/MARIO\/BOCETO\/WEB\/cursos\/\",\"name\":\"Cursos - KADAZRA\",\"isPartOf\":{\"@id\":\"https:\/\/www.adaptart.com\/MARIO\/BOCETO\/WEB\/#website\"},\"datePublished\":\"2023-07-12T13:26:01+00:00\",\"dateModified\":\"2023-07-17T09:15:08+00:00\",\"breadcrumb\":{\"@id\":\"https:\/\/www.adaptart.com\/MARIO\/BOCETO\/WEB\/cursos\/#breadcrumb\"},\"inLanguage\":\"es\",\"potentialAction\":[{\"@type\":\"ReadAction\",\"target\":[\"https:\/\/www.adaptart.com\/MARIO\/BOCETO\/WEB\/cursos\/\"]}]},{\"@type\":\"BreadcrumbList\",\"@id\":\"https:\/\/www.adaptart.com\/MARIO\/BOCETO\/WEB\/cursos\/#breadcrumb\",\"itemListElement\":[{\"@type\":\"ListItem\",\"position\":1,\"name\":\"Home\",\"item\":\"https:\/\/www.adaptart.com\/MARIO\/BOCETO\/WEB\/\"},{\"@type\":\"ListItem\",\"position\":2,\"name\":\"Cursos\"}]},{\"@type\":\"WebSite\",\"@id\":\"https:\/\/www.adaptart.com\/MARIO\/BOCETO\/WEB\/#website\",\"url\":\"https:\/\/www.adaptart.com\/MARIO\/BOCETO\/WEB\/\",\"name\":\"KADAZRA\",\"description\":\"\",\"potentialAction\":[{\"@type\":\"SearchAction\",\"target\":{\"@type\":\"EntryPoint\",\"urlTemplate\":\"https:\/\/www.adaptart.com\/MARIO\/BOCETO\/WEB\/?s={search_term_string}\"},\"query-input\":{\"@type\":\"PropertyValueSpecification\",\"valueRequired\":true,\"valueName\":\"search_term_string\"}}],\"inLanguage\":\"es\"}]}<\/script>\n<!-- \/ Yoast SEO plugin. -->","yoast_head_json":{"title":"Cursos - KADAZRA","robots":{"index":"index","follow":"follow","max-snippet":"max-snippet:-1","max-image-preview":"max-image-preview:large","max-video-preview":"max-video-preview:-1"},"canonical":"https:\/\/www.adaptart.com\/MARIO\/BOCETO\/WEB\/cursos\/","og_locale":"es_ES","og_type":"article","og_title":"Cursos - KADAZRA","og_description":"[vc_row parallax=\u00bbcontent-moving\u00bb][vc_column parallax=\u00bbcontent-moving\u00bb css=\u00bb.vc_custom_1689168572341{background-image: url(https:\/\/www.adaptart.com\/MARIO\/BOCETO\/WEB\/wp-content\/uploads\/2023\/07\/FONDO_TESTIMONIALS.jpg?id=10939) !important;background-position: center !important;background-repeat: no-repeat !important;background-size: cover !important;}\u00bb][vc_row_inner el_class=\u00bbtheme-container\u00bb][vc_column_inner][vc_column_text css=\u00bb.vc_custom_1689340177696{padding-top: 50px !important;padding-bottom: 50px !important;}\u00bb] Todo guerrero y guerrera de \u00abEl Clan\u00bb debe dominar los colores del \u00c1nkar. &nbsp; La formaci\u00f3n tiene una duraci\u00f3n de un fin de semana, 8 horas el s\u00e1bado y 8 horas el domingo con pausa para comer. El n\u00famero de plazas es limitado para una mejor atenci\u00f3n personalizada a cada uno de los participantes. Est\u00e1n abiertos a todos los niveles de pintura. Miniatura incluida en precio. Pinturas y materiales disponibles. Solamente tendr\u00e1s que llevar tus pinceles. [\/vc_column_text][\/vc_column_inner][\/vc_row_inner][\/vc_column][\/vc_row][vc_row][vc_column][vc_empty_space][vc_empty_space][\/vc_column][\/vc_row][vc_row][vc_column][vc_row_inner el_class=\u00bbtheme-container\u00bb][vc_column_inner width=\u00bb1\/3&#8243;][vc_single_image image=\u00bb11389&#8243; img_size=\u00bbfull\u00bb alignment=\u00bbcenter\u00bb][\/vc_column_inner][vc_column_inner width=\u00bb1\/3&#8243;][vc_single_image image=\u00bb11390&#8243; img_size=\u00bbfull\u00bb alignment=\u00bbcenter\u00bb][\/vc_column_inner][vc_column_inner width=\u00bb1\/3&#8243;][vc_single_image image=\u00bb11391&#8243; img_size=\u00bbfull\u00bb alignment=\u00bbcenter\u00bb][\/vc_column_inner][\/vc_row_inner][\/vc_column][\/vc_row]","og_url":"https:\/\/www.adaptart.com\/MARIO\/BOCETO\/WEB\/cursos\/","og_site_name":"KADAZRA","article_modified_time":"2023-07-17T09:15:08+00:00","twitter_card":"summary_large_image","twitter_misc":{"Tiempo de lectura":"1 minuto"},"schema":{"@context":"https:\/\/schema.org","@graph":[{"@type":"WebPage","@id":"https:\/\/www.adaptart.com\/MARIO\/BOCETO\/WEB\/cursos\/","url":"https:\/\/www.adaptart.com\/MARIO\/BOCETO\/WEB\/cursos\/","name":"Cursos - KADAZRA","isPartOf":{"@id":"https:\/\/www.adaptart.com\/MARIO\/BOCETO\/WEB\/#website"},"datePublished":"2023-07-12T13:26:01+00:00","dateModified":"2023-07-17T09:15:08+00:00","breadcrumb":{"@id":"https:\/\/www.adaptart.com\/MARIO\/BOCETO\/WEB\/cursos\/#breadcrumb"},"inLanguage":"es","potentialAction":[{"@type":"ReadAction","target":["https:\/\/www.adaptart.com\/MARIO\/BOCETO\/WEB\/cursos\/"]}]},{"@type":"BreadcrumbList","@id":"https:\/\/www.adaptart.com\/MARIO\/BOCETO\/WEB\/cursos\/#breadcrumb","itemListElement":[{"@type":"ListItem","position":1,"name":"Home","item":"https:\/\/www.adaptart.com\/MARIO\/BOCETO\/WEB\/"},{"@type":"ListItem","position":2,"name":"Cursos"}]},{"@type":"WebSite","@id":"https:\/\/www.adaptart.com\/MARIO\/BOCETO\/WEB\/#website","url":"https:\/\/www.adaptart.com\/MARIO\/BOCETO\/WEB\/","name":"KADAZRA","description":"","potentialAction":[{"@type":"SearchAction","target":{"@type":"EntryPoint","urlTemplate":"https:\/\/www.adaptart.com\/MARIO\/BOCETO\/WEB\/?s={search_term_string}"},"query-input":{"@type":"PropertyValueSpecification","valueRequired":true,"valueName":"search_term_string"}}],"inLanguage":"es"}]}},"_links":{"self":[{"href":"https:\/\/www.adaptart.com\/MARIO\/BOCETO\/WEB\/wp-json\/wp\/v2\/pages\/11365"}],"collection":[{"href":"https:\/\/www.adaptart.com\/MARIO\/BOCETO\/WEB\/wp-json\/wp\/v2\/pages"}],"about":[{"href":"https:\/\/www.adaptart.com\/MARIO\/BOCETO\/WEB\/wp-json\/wp\/v2\/types\/page"}],"author":[{"embeddable":true,"href":"https:\/\/www.adaptart.com\/MARIO\/BOCETO\/WEB\/wp-json\/wp\/v2\/users\/1"}],"replies":[{"embeddable":true,"href":"https:\/\/www.adaptart.com\/MARIO\/BOCETO\/WEB\/wp-json\/wp\/v2\/comments?post=11365"}],"version-history":[{"count":33,"href":"https:\/\/www.adaptart.com\/MARIO\/BOCETO\/WEB\/wp-json\/wp\/v2\/pages\/11365\/revisions"}],"predecessor-version":[{"id":11401,"href":"https:\/\/www.adaptart.com\/MARIO\/BOCETO\/WEB\/wp-json\/wp\/v2\/pages\/11365\/revisions\/11401"}],"wp:attachment":[{"href":"https:\/\/www.adaptart.com\/MARIO\/BOCETO\/WEB\/wp-json\/wp\/v2\/media?parent=11365"}],"curies":[{"name":"wp","href":"https:\/\/api.w.org\/{rel}","templated":true}]}}