{"id":10377,"date":"2023-06-28T10:48:31","date_gmt":"2023-06-28T10:48:31","guid":{"rendered":"https:\/\/www.adaptart.com\/MARIO\/BOCETO\/WEB\/?post_type=product&#038;p=10377"},"modified":"2024-10-05T17:07:28","modified_gmt":"2024-10-05T17:07:28","slug":"glaze-medium-ak11233","status":"publish","type":"product","link":"https:\/\/www.adaptart.com\/MARIO\/BOCETO\/WEB\/producto\/glaze-medium-ak11233\/","title":{"rendered":"GLAZE MEDIUM &#8211; AK11233"},"content":{"rendered":"<p>Las\u00a0<strong>pinturas acr\u00edlicas AK de tercera generaci\u00f3n para modelismo<\/strong>\u00a0<strong>3Gen<\/strong>\u00a0son la f\u00f3rmula m\u00e1s sofisticada para pinturas acr\u00edlicas hasta el momento. Una excelente cobertura, agarre incre\u00edble y sin obstrucciones al aplicar con aer\u00f3grafo. La pintura del futuro para todo tipo de modelista y artista. Utiliza su diluyente espec\u00edfico en aerograf\u00eda para obtener los mejores resultados y mantener las propiedades de la pintura.<\/p>\n<p><strong>Gloss Medium, <\/strong>da un acabado satinado a nuestras maquetas y modelos a escala, mezcl\u00e1ndolo con el resto de los acr\u00edlicos de 3Gen.<\/p>\n<p><strong>Glaze Medium<\/strong> diluye los colores y extiende su tiempo de secado para efectuar veladuras o mezclas.<\/p>\n<p><strong>Metalic Medium<\/strong> mezclado con los colores ofrece un efecto nacarado o metalizado.<\/p>\n<p>Con el <strong>Medium de Craquelar<\/strong> se consigue el cuarteado de la pintura.<\/p>\n<p>Con el <strong>Chipping Medium<\/strong>, aplicado entre dos capas de pintura, se logra el desconchado del color superficial.<\/p>\n","protected":false},"excerpt":{"rendered":"<h4>GLAZE MEDIUM &#8211; AUXILIARY<\/h4>\n<p><strong>ETIQUETA GRIS. <\/strong><em>Mediums.<\/em> Los envases identificados con etiquetas con el c\u00edrculo gris comprenden Mediums\u00a0 especialmente formulados para modificar las propiedades de las pinturas.<\/p>\n<p><strong>Glaze Medium<\/strong> diluye los colores y extiende su tiempo de secado para efectuar veladuras o mezclas.<\/p>\n<h6><strong>It comes in 17ml bottles.<\/strong><\/h6>\n","protected":false},"featured_media":10380,"comment_status":"open","ping_status":"closed","template":"","meta":[],"product_brand":[],"product_cat":[100,122],"product_tag":[94,92,97,95],"class_list":{"0":"post-10377","1":"product","2":"type-product","3":"status-publish","4":"has-post-thumbnail","6":"product_cat-pinceles-y-accesorios","7":"product_cat-tintas","8":"product_tag-acrilico","9":"product_tag-ak","10":"product_tag-medium","11":"product_tag-pintura-3gen","14":"first","15":"instock","16":"taxable","17":"shipping-taxable","18":"purchasable","19":"product-type-simple"},"yoast_head":"<!-- This site is optimized with the Yoast SEO plugin v25.6 - https:\/\/yoast.com\/wordpress\/plugins\/seo\/ -->\n<title>GLAZE MEDIUM - AK11233 - KADAZRA<\/title>\n<meta name=\"robots\" content=\"index, follow, max-snippet:-1, max-image-preview:large, max-video-preview:-1\" \/>\n<link rel=\"canonical\" href=\"https:\/\/www.adaptart.com\/MARIO\/BOCETO\/WEB\/producto\/glaze-medium-ak11233\/\" \/>\n<meta property=\"og:locale\" content=\"es_ES\" \/>\n<meta property=\"og:type\" content=\"article\" \/>\n<meta property=\"og:title\" content=\"GLAZE MEDIUM - AK11233 - KADAZRA\" \/>\n<meta property=\"og:description\" content=\"GLAZE MEDIUM - AUXILIARY ETIQUETA GRIS. Mediums. Los envases identificados con etiquetas con el c\u00edrculo gris comprenden Mediums\u00a0 especialmente formulados para modificar las propiedades de las pinturas.  Glaze Medium diluye los colores y extiende su tiempo de secado para efectuar veladuras o mezclas. It comes in 17ml bottles.\" \/>\n<meta property=\"og:url\" content=\"https:\/\/www.adaptart.com\/MARIO\/BOCETO\/WEB\/producto\/glaze-medium-ak11233\/\" \/>\n<meta property=\"og:site_name\" content=\"KADAZRA\" \/>\n<meta property=\"article:modified_time\" content=\"2024-10-05T17:07:28+00:00\" \/>\n<meta property=\"og:image\" content=\"https:\/\/www.adaptart.com\/MARIO\/BOCETO\/WEB\/wp-content\/uploads\/2023\/06\/ak11233_4tla4xv.png\" \/>\n\t<meta property=\"og:image:width\" content=\"600\" \/>\n\t<meta property=\"og:image:height\" content=\"600\" \/>\n\t<meta property=\"og:image:type\" content=\"image\/png\" \/>\n<meta name=\"twitter:card\" content=\"summary_large_image\" \/>\n<meta name=\"twitter:label1\" content=\"Tiempo de lectura\" \/>\n\t<meta name=\"twitter:data1\" content=\"1 minuto\" \/>\n<script type=\"application\/ld+json\" class=\"yoast-schema-graph\">{\"@context\":\"https:\/\/schema.org\",\"@graph\":[{\"@type\":\"WebPage\",\"@id\":\"https:\/\/www.adaptart.com\/MARIO\/BOCETO\/WEB\/producto\/glaze-medium-ak11233\/\",\"url\":\"https:\/\/www.adaptart.com\/MARIO\/BOCETO\/WEB\/producto\/glaze-medium-ak11233\/\",\"name\":\"GLAZE MEDIUM - AK11233 - KADAZRA\",\"isPartOf\":{\"@id\":\"https:\/\/www.adaptart.com\/MARIO\/BOCETO\/WEB\/#website\"},\"primaryImageOfPage\":{\"@id\":\"https:\/\/www.adaptart.com\/MARIO\/BOCETO\/WEB\/producto\/glaze-medium-ak11233\/#primaryimage\"},\"image\":{\"@id\":\"https:\/\/www.adaptart.com\/MARIO\/BOCETO\/WEB\/producto\/glaze-medium-ak11233\/#primaryimage\"},\"thumbnailUrl\":\"https:\/\/www.adaptart.com\/MARIO\/BOCETO\/WEB\/wp-content\/uploads\/2023\/06\/ak11233_4tla4xv.png\",\"datePublished\":\"2023-06-28T10:48:31+00:00\",\"dateModified\":\"2024-10-05T17:07:28+00:00\",\"breadcrumb\":{\"@id\":\"https:\/\/www.adaptart.com\/MARIO\/BOCETO\/WEB\/producto\/glaze-medium-ak11233\/#breadcrumb\"},\"inLanguage\":\"es\",\"potentialAction\":[{\"@type\":\"ReadAction\",\"target\":[\"https:\/\/www.adaptart.com\/MARIO\/BOCETO\/WEB\/producto\/glaze-medium-ak11233\/\"]}]},{\"@type\":\"ImageObject\",\"inLanguage\":\"es\",\"@id\":\"https:\/\/www.adaptart.com\/MARIO\/BOCETO\/WEB\/producto\/glaze-medium-ak11233\/#primaryimage\",\"url\":\"https:\/\/www.adaptart.com\/MARIO\/BOCETO\/WEB\/wp-content\/uploads\/2023\/06\/ak11233_4tla4xv.png\",\"contentUrl\":\"https:\/\/www.adaptart.com\/MARIO\/BOCETO\/WEB\/wp-content\/uploads\/2023\/06\/ak11233_4tla4xv.png\",\"width\":600,\"height\":600},{\"@type\":\"BreadcrumbList\",\"@id\":\"https:\/\/www.adaptart.com\/MARIO\/BOCETO\/WEB\/producto\/glaze-medium-ak11233\/#breadcrumb\",\"itemListElement\":[{\"@type\":\"ListItem\",\"position\":1,\"name\":\"Home\",\"item\":\"https:\/\/www.adaptart.com\/MARIO\/BOCETO\/WEB\/\"},{\"@type\":\"ListItem\",\"position\":2,\"name\":\"Shop\",\"item\":\"https:\/\/www.adaptart.com\/MARIO\/BOCETO\/WEB\/shop\/\"},{\"@type\":\"ListItem\",\"position\":3,\"name\":\"GLAZE MEDIUM &#8211; AK11233\"}]},{\"@type\":\"WebSite\",\"@id\":\"https:\/\/www.adaptart.com\/MARIO\/BOCETO\/WEB\/#website\",\"url\":\"https:\/\/www.adaptart.com\/MARIO\/BOCETO\/WEB\/\",\"name\":\"KADAZRA\",\"description\":\"\",\"potentialAction\":[{\"@type\":\"SearchAction\",\"target\":{\"@type\":\"EntryPoint\",\"urlTemplate\":\"https:\/\/www.adaptart.com\/MARIO\/BOCETO\/WEB\/?s={search_term_string}\"},\"query-input\":{\"@type\":\"PropertyValueSpecification\",\"valueRequired\":true,\"valueName\":\"search_term_string\"}}],\"inLanguage\":\"es\"}]}<\/script>\n<!-- \/ Yoast SEO plugin. -->","yoast_head_json":{"title":"GLAZE MEDIUM - AK11233 - KADAZRA","robots":{"index":"index","follow":"follow","max-snippet":"max-snippet:-1","max-image-preview":"max-image-preview:large","max-video-preview":"max-video-preview:-1"},"canonical":"https:\/\/www.adaptart.com\/MARIO\/BOCETO\/WEB\/producto\/glaze-medium-ak11233\/","og_locale":"es_ES","og_type":"article","og_title":"GLAZE MEDIUM - AK11233 - KADAZRA","og_description":"GLAZE MEDIUM - AUXILIARY ETIQUETA GRIS. Mediums. Los envases identificados con etiquetas con el c\u00edrculo gris comprenden Mediums\u00a0 especialmente formulados para modificar las propiedades de las pinturas.  Glaze Medium diluye los colores y extiende su tiempo de secado para efectuar veladuras o mezclas. It comes in 17ml bottles.","og_url":"https:\/\/www.adaptart.com\/MARIO\/BOCETO\/WEB\/producto\/glaze-medium-ak11233\/","og_site_name":"KADAZRA","article_modified_time":"2024-10-05T17:07:28+00:00","og_image":[{"width":600,"height":600,"url":"https:\/\/www.adaptart.com\/MARIO\/BOCETO\/WEB\/wp-content\/uploads\/2023\/06\/ak11233_4tla4xv.png","type":"image\/png"}],"twitter_card":"summary_large_image","twitter_misc":{"Tiempo de lectura":"1 minuto"},"schema":{"@context":"https:\/\/schema.org","@graph":[{"@type":"WebPage","@id":"https:\/\/www.adaptart.com\/MARIO\/BOCETO\/WEB\/producto\/glaze-medium-ak11233\/","url":"https:\/\/www.adaptart.com\/MARIO\/BOCETO\/WEB\/producto\/glaze-medium-ak11233\/","name":"GLAZE MEDIUM - AK11233 - KADAZRA","isPartOf":{"@id":"https:\/\/www.adaptart.com\/MARIO\/BOCETO\/WEB\/#website"},"primaryImageOfPage":{"@id":"https:\/\/www.adaptart.com\/MARIO\/BOCETO\/WEB\/producto\/glaze-medium-ak11233\/#primaryimage"},"image":{"@id":"https:\/\/www.adaptart.com\/MARIO\/BOCETO\/WEB\/producto\/glaze-medium-ak11233\/#primaryimage"},"thumbnailUrl":"https:\/\/www.adaptart.com\/MARIO\/BOCETO\/WEB\/wp-content\/uploads\/2023\/06\/ak11233_4tla4xv.png","datePublished":"2023-06-28T10:48:31+00:00","dateModified":"2024-10-05T17:07:28+00:00","breadcrumb":{"@id":"https:\/\/www.adaptart.com\/MARIO\/BOCETO\/WEB\/producto\/glaze-medium-ak11233\/#breadcrumb"},"inLanguage":"es","potentialAction":[{"@type":"ReadAction","target":["https:\/\/www.adaptart.com\/MARIO\/BOCETO\/WEB\/producto\/glaze-medium-ak11233\/"]}]},{"@type":"ImageObject","inLanguage":"es","@id":"https:\/\/www.adaptart.com\/MARIO\/BOCETO\/WEB\/producto\/glaze-medium-ak11233\/#primaryimage","url":"https:\/\/www.adaptart.com\/MARIO\/BOCETO\/WEB\/wp-content\/uploads\/2023\/06\/ak11233_4tla4xv.png","contentUrl":"https:\/\/www.adaptart.com\/MARIO\/BOCETO\/WEB\/wp-content\/uploads\/2023\/06\/ak11233_4tla4xv.png","width":600,"height":600},{"@type":"BreadcrumbList","@id":"https:\/\/www.adaptart.com\/MARIO\/BOCETO\/WEB\/producto\/glaze-medium-ak11233\/#breadcrumb","itemListElement":[{"@type":"ListItem","position":1,"name":"Home","item":"https:\/\/www.adaptart.com\/MARIO\/BOCETO\/WEB\/"},{"@type":"ListItem","position":2,"name":"Shop","item":"https:\/\/www.adaptart.com\/MARIO\/BOCETO\/WEB\/shop\/"},{"@type":"ListItem","position":3,"name":"GLAZE MEDIUM &#8211; AK11233"}]},{"@type":"WebSite","@id":"https:\/\/www.adaptart.com\/MARIO\/BOCETO\/WEB\/#website","url":"https:\/\/www.adaptart.com\/MARIO\/BOCETO\/WEB\/","name":"KADAZRA","description":"","potentialAction":[{"@type":"SearchAction","target":{"@type":"EntryPoint","urlTemplate":"https:\/\/www.adaptart.com\/MARIO\/BOCETO\/WEB\/?s={search_term_string}"},"query-input":{"@type":"PropertyValueSpecification","valueRequired":true,"valueName":"search_term_string"}}],"inLanguage":"es"}]}},"_links":{"self":[{"href":"https:\/\/www.adaptart.com\/MARIO\/BOCETO\/WEB\/wp-json\/wp\/v2\/product\/10377"}],"collection":[{"href":"https:\/\/www.adaptart.com\/MARIO\/BOCETO\/WEB\/wp-json\/wp\/v2\/product"}],"about":[{"href":"https:\/\/www.adaptart.com\/MARIO\/BOCETO\/WEB\/wp-json\/wp\/v2\/types\/product"}],"replies":[{"embeddable":true,"href":"https:\/\/www.adaptart.com\/MARIO\/BOCETO\/WEB\/wp-json\/wp\/v2\/comments?post=10377"}],"wp:featuredmedia":[{"embeddable":true,"href":"https:\/\/www.adaptart.com\/MARIO\/BOCETO\/WEB\/wp-json\/wp\/v2\/media\/10380"}],"wp:attachment":[{"href":"https:\/\/www.adaptart.com\/MARIO\/BOCETO\/WEB\/wp-json\/wp\/v2\/media?parent=10377"}],"wp:term":[{"taxonomy":"product_brand","embeddable":true,"href":"https:\/\/www.adaptart.com\/MARIO\/BOCETO\/WEB\/wp-json\/wp\/v2\/product_brand?post=10377"},{"taxonomy":"product_cat","embeddable":true,"href":"https:\/\/www.adaptart.com\/MARIO\/BOCETO\/WEB\/wp-json\/wp\/v2\/product_cat?post=10377"},{"taxonomy":"product_tag","embeddable":true,"href":"https:\/\/www.adaptart.com\/MARIO\/BOCETO\/WEB\/wp-json\/wp\/v2\/product_tag?post=10377"}],"curies":[{"name":"wp","href":"https:\/\/api.w.org\/{rel}","templated":true}]}}