{"id":10427,"date":"2023-06-28T11:28:48","date_gmt":"2023-06-28T11:28:48","guid":{"rendered":"https:\/\/www.adaptart.com\/MARIO\/BOCETO\/WEB\/?post_type=product&#038;p=10427"},"modified":"2024-10-05T17:08:56","modified_gmt":"2024-10-05T17:08:56","slug":"white-ak11001","status":"publish","type":"product","link":"https:\/\/www.adaptart.com\/MARIO\/BOCETO\/WEB\/producto\/white-ak11001\/","title":{"rendered":"WHITE &#8211; AK11001"},"content":{"rendered":"<p>Las\u00a0<strong>pinturas acr\u00edlicas AK de tercera generaci\u00f3n para modelismo<\/strong>\u00a0<strong>3Gen<\/strong>\u00a0son la f\u00f3rmula m\u00e1s sofisticada para pinturas acr\u00edlicas hasta el momento. Una excelente cobertura, agarre incre\u00edble y sin obstrucciones al aplicar con aer\u00f3grafo. La pintura del futuro para todo tipo de modelista y artista. Utiliza su diluyente espec\u00edfico en aerograf\u00eda para obtener los mejores resultados y mantener las propiedades de la pintura.<\/p>\n<p><strong>ETIQUETA AMARILLA. <\/strong><em>Colores intensos.<\/em> Los colores intensos est\u00e1n identificados con el c\u00edrculo amarillo en la etiqueta. Estos tonos contienen pigmentos de gran pureza y alta concentraci\u00f3n para conseguir colores m\u00e1s vivos.<\/p>\n","protected":false},"excerpt":{"rendered":"<h4>WHITE &#8211; INTENSE<\/h4>\n<p><span class=\"s1\">Intense colors are identified with the\u00a0<\/span>yellow\u00a0circle on the label. These tones contain pigments of high purity and high concentration for the most vivid colors.<\/p>\n<h6><strong>It comes in 17ml bottles.<\/strong><\/h6>\n","protected":false},"featured_media":10430,"comment_status":"open","ping_status":"closed","template":"","meta":[],"product_brand":[],"product_cat":[122,89],"product_tag":[94,92,98,95],"class_list":{"0":"post-10427","1":"product","2":"type-product","3":"status-publish","4":"has-post-thumbnail","6":"product_cat-tintas","7":"product_cat-pinturas","8":"product_tag-acrilico","9":"product_tag-ak","10":"product_tag-intense","11":"product_tag-pintura-3gen","14":"first","15":"instock","16":"taxable","17":"shipping-taxable","18":"purchasable","19":"product-type-simple"},"yoast_head":"<!-- This site is optimized with the Yoast SEO plugin v25.6 - https:\/\/yoast.com\/wordpress\/plugins\/seo\/ -->\n<title>WHITE - AK11001 - KADAZRA<\/title>\n<meta name=\"robots\" content=\"index, follow, max-snippet:-1, max-image-preview:large, max-video-preview:-1\" \/>\n<link rel=\"canonical\" href=\"https:\/\/www.adaptart.com\/MARIO\/BOCETO\/WEB\/producto\/white-ak11001\/\" \/>\n<meta property=\"og:locale\" content=\"es_ES\" \/>\n<meta property=\"og:type\" content=\"article\" \/>\n<meta property=\"og:title\" content=\"WHITE - AK11001 - KADAZRA\" \/>\n<meta property=\"og:description\" content=\"WHITE - INTENSE Intense colors are identified with the\u00a0yellow\u00a0circle on the label. These tones contain pigments of high purity and high concentration for the most vivid colors. It comes in 17ml bottles.\" \/>\n<meta property=\"og:url\" content=\"https:\/\/www.adaptart.com\/MARIO\/BOCETO\/WEB\/producto\/white-ak11001\/\" \/>\n<meta property=\"og:site_name\" content=\"KADAZRA\" \/>\n<meta property=\"article:modified_time\" content=\"2024-10-05T17:08:56+00:00\" \/>\n<meta property=\"og:image\" content=\"https:\/\/www.adaptart.com\/MARIO\/BOCETO\/WEB\/wp-content\/uploads\/2023\/06\/ak11001_eneg3c4.png\" \/>\n\t<meta property=\"og:image:width\" content=\"600\" \/>\n\t<meta property=\"og:image:height\" content=\"601\" \/>\n\t<meta property=\"og:image:type\" content=\"image\/png\" \/>\n<meta name=\"twitter:card\" content=\"summary_large_image\" \/>\n<meta name=\"twitter:label1\" content=\"Tiempo de lectura\" \/>\n\t<meta name=\"twitter:data1\" content=\"1 minuto\" \/>\n<script type=\"application\/ld+json\" class=\"yoast-schema-graph\">{\"@context\":\"https:\/\/schema.org\",\"@graph\":[{\"@type\":\"WebPage\",\"@id\":\"https:\/\/www.adaptart.com\/MARIO\/BOCETO\/WEB\/producto\/white-ak11001\/\",\"url\":\"https:\/\/www.adaptart.com\/MARIO\/BOCETO\/WEB\/producto\/white-ak11001\/\",\"name\":\"WHITE - AK11001 - KADAZRA\",\"isPartOf\":{\"@id\":\"https:\/\/www.adaptart.com\/MARIO\/BOCETO\/WEB\/#website\"},\"primaryImageOfPage\":{\"@id\":\"https:\/\/www.adaptart.com\/MARIO\/BOCETO\/WEB\/producto\/white-ak11001\/#primaryimage\"},\"image\":{\"@id\":\"https:\/\/www.adaptart.com\/MARIO\/BOCETO\/WEB\/producto\/white-ak11001\/#primaryimage\"},\"thumbnailUrl\":\"https:\/\/www.adaptart.com\/MARIO\/BOCETO\/WEB\/wp-content\/uploads\/2023\/06\/ak11001_eneg3c4.png\",\"datePublished\":\"2023-06-28T11:28:48+00:00\",\"dateModified\":\"2024-10-05T17:08:56+00:00\",\"breadcrumb\":{\"@id\":\"https:\/\/www.adaptart.com\/MARIO\/BOCETO\/WEB\/producto\/white-ak11001\/#breadcrumb\"},\"inLanguage\":\"es\",\"potentialAction\":[{\"@type\":\"ReadAction\",\"target\":[\"https:\/\/www.adaptart.com\/MARIO\/BOCETO\/WEB\/producto\/white-ak11001\/\"]}]},{\"@type\":\"ImageObject\",\"inLanguage\":\"es\",\"@id\":\"https:\/\/www.adaptart.com\/MARIO\/BOCETO\/WEB\/producto\/white-ak11001\/#primaryimage\",\"url\":\"https:\/\/www.adaptart.com\/MARIO\/BOCETO\/WEB\/wp-content\/uploads\/2023\/06\/ak11001_eneg3c4.png\",\"contentUrl\":\"https:\/\/www.adaptart.com\/MARIO\/BOCETO\/WEB\/wp-content\/uploads\/2023\/06\/ak11001_eneg3c4.png\",\"width\":600,\"height\":601},{\"@type\":\"BreadcrumbList\",\"@id\":\"https:\/\/www.adaptart.com\/MARIO\/BOCETO\/WEB\/producto\/white-ak11001\/#breadcrumb\",\"itemListElement\":[{\"@type\":\"ListItem\",\"position\":1,\"name\":\"Home\",\"item\":\"https:\/\/www.adaptart.com\/MARIO\/BOCETO\/WEB\/\"},{\"@type\":\"ListItem\",\"position\":2,\"name\":\"Shop\",\"item\":\"https:\/\/www.adaptart.com\/MARIO\/BOCETO\/WEB\/shop\/\"},{\"@type\":\"ListItem\",\"position\":3,\"name\":\"WHITE &#8211; AK11001\"}]},{\"@type\":\"WebSite\",\"@id\":\"https:\/\/www.adaptart.com\/MARIO\/BOCETO\/WEB\/#website\",\"url\":\"https:\/\/www.adaptart.com\/MARIO\/BOCETO\/WEB\/\",\"name\":\"KADAZRA\",\"description\":\"\",\"potentialAction\":[{\"@type\":\"SearchAction\",\"target\":{\"@type\":\"EntryPoint\",\"urlTemplate\":\"https:\/\/www.adaptart.com\/MARIO\/BOCETO\/WEB\/?s={search_term_string}\"},\"query-input\":{\"@type\":\"PropertyValueSpecification\",\"valueRequired\":true,\"valueName\":\"search_term_string\"}}],\"inLanguage\":\"es\"}]}<\/script>\n<!-- \/ Yoast SEO plugin. -->","yoast_head_json":{"title":"WHITE - AK11001 - KADAZRA","robots":{"index":"index","follow":"follow","max-snippet":"max-snippet:-1","max-image-preview":"max-image-preview:large","max-video-preview":"max-video-preview:-1"},"canonical":"https:\/\/www.adaptart.com\/MARIO\/BOCETO\/WEB\/producto\/white-ak11001\/","og_locale":"es_ES","og_type":"article","og_title":"WHITE - AK11001 - KADAZRA","og_description":"WHITE - INTENSE Intense colors are identified with the\u00a0yellow\u00a0circle on the label. These tones contain pigments of high purity and high concentration for the most vivid colors. It comes in 17ml bottles.","og_url":"https:\/\/www.adaptart.com\/MARIO\/BOCETO\/WEB\/producto\/white-ak11001\/","og_site_name":"KADAZRA","article_modified_time":"2024-10-05T17:08:56+00:00","og_image":[{"width":600,"height":601,"url":"https:\/\/www.adaptart.com\/MARIO\/BOCETO\/WEB\/wp-content\/uploads\/2023\/06\/ak11001_eneg3c4.png","type":"image\/png"}],"twitter_card":"summary_large_image","twitter_misc":{"Tiempo de lectura":"1 minuto"},"schema":{"@context":"https:\/\/schema.org","@graph":[{"@type":"WebPage","@id":"https:\/\/www.adaptart.com\/MARIO\/BOCETO\/WEB\/producto\/white-ak11001\/","url":"https:\/\/www.adaptart.com\/MARIO\/BOCETO\/WEB\/producto\/white-ak11001\/","name":"WHITE - AK11001 - KADAZRA","isPartOf":{"@id":"https:\/\/www.adaptart.com\/MARIO\/BOCETO\/WEB\/#website"},"primaryImageOfPage":{"@id":"https:\/\/www.adaptart.com\/MARIO\/BOCETO\/WEB\/producto\/white-ak11001\/#primaryimage"},"image":{"@id":"https:\/\/www.adaptart.com\/MARIO\/BOCETO\/WEB\/producto\/white-ak11001\/#primaryimage"},"thumbnailUrl":"https:\/\/www.adaptart.com\/MARIO\/BOCETO\/WEB\/wp-content\/uploads\/2023\/06\/ak11001_eneg3c4.png","datePublished":"2023-06-28T11:28:48+00:00","dateModified":"2024-10-05T17:08:56+00:00","breadcrumb":{"@id":"https:\/\/www.adaptart.com\/MARIO\/BOCETO\/WEB\/producto\/white-ak11001\/#breadcrumb"},"inLanguage":"es","potentialAction":[{"@type":"ReadAction","target":["https:\/\/www.adaptart.com\/MARIO\/BOCETO\/WEB\/producto\/white-ak11001\/"]}]},{"@type":"ImageObject","inLanguage":"es","@id":"https:\/\/www.adaptart.com\/MARIO\/BOCETO\/WEB\/producto\/white-ak11001\/#primaryimage","url":"https:\/\/www.adaptart.com\/MARIO\/BOCETO\/WEB\/wp-content\/uploads\/2023\/06\/ak11001_eneg3c4.png","contentUrl":"https:\/\/www.adaptart.com\/MARIO\/BOCETO\/WEB\/wp-content\/uploads\/2023\/06\/ak11001_eneg3c4.png","width":600,"height":601},{"@type":"BreadcrumbList","@id":"https:\/\/www.adaptart.com\/MARIO\/BOCETO\/WEB\/producto\/white-ak11001\/#breadcrumb","itemListElement":[{"@type":"ListItem","position":1,"name":"Home","item":"https:\/\/www.adaptart.com\/MARIO\/BOCETO\/WEB\/"},{"@type":"ListItem","position":2,"name":"Shop","item":"https:\/\/www.adaptart.com\/MARIO\/BOCETO\/WEB\/shop\/"},{"@type":"ListItem","position":3,"name":"WHITE &#8211; AK11001"}]},{"@type":"WebSite","@id":"https:\/\/www.adaptart.com\/MARIO\/BOCETO\/WEB\/#website","url":"https:\/\/www.adaptart.com\/MARIO\/BOCETO\/WEB\/","name":"KADAZRA","description":"","potentialAction":[{"@type":"SearchAction","target":{"@type":"EntryPoint","urlTemplate":"https:\/\/www.adaptart.com\/MARIO\/BOCETO\/WEB\/?s={search_term_string}"},"query-input":{"@type":"PropertyValueSpecification","valueRequired":true,"valueName":"search_term_string"}}],"inLanguage":"es"}]}},"_links":{"self":[{"href":"https:\/\/www.adaptart.com\/MARIO\/BOCETO\/WEB\/wp-json\/wp\/v2\/product\/10427"}],"collection":[{"href":"https:\/\/www.adaptart.com\/MARIO\/BOCETO\/WEB\/wp-json\/wp\/v2\/product"}],"about":[{"href":"https:\/\/www.adaptart.com\/MARIO\/BOCETO\/WEB\/wp-json\/wp\/v2\/types\/product"}],"replies":[{"embeddable":true,"href":"https:\/\/www.adaptart.com\/MARIO\/BOCETO\/WEB\/wp-json\/wp\/v2\/comments?post=10427"}],"wp:featuredmedia":[{"embeddable":true,"href":"https:\/\/www.adaptart.com\/MARIO\/BOCETO\/WEB\/wp-json\/wp\/v2\/media\/10430"}],"wp:attachment":[{"href":"https:\/\/www.adaptart.com\/MARIO\/BOCETO\/WEB\/wp-json\/wp\/v2\/media?parent=10427"}],"wp:term":[{"taxonomy":"product_brand","embeddable":true,"href":"https:\/\/www.adaptart.com\/MARIO\/BOCETO\/WEB\/wp-json\/wp\/v2\/product_brand?post=10427"},{"taxonomy":"product_cat","embeddable":true,"href":"https:\/\/www.adaptart.com\/MARIO\/BOCETO\/WEB\/wp-json\/wp\/v2\/product_cat?post=10427"},{"taxonomy":"product_tag","embeddable":true,"href":"https:\/\/www.adaptart.com\/MARIO\/BOCETO\/WEB\/wp-json\/wp\/v2\/product_tag?post=10427"}],"curies":[{"name":"wp","href":"https:\/\/api.w.org\/{rel}","templated":true}]}}