{"id":10737,"date":"2023-06-30T08:16:40","date_gmt":"2023-06-30T08:16:40","guid":{"rendered":"https:\/\/www.adaptart.com\/MARIO\/BOCETO\/WEB\/?post_type=product&#038;p=10737"},"modified":"2023-06-30T08:57:14","modified_gmt":"2023-06-30T08:57:14","slug":"black-primer-100ml","status":"publish","type":"product","link":"https:\/\/www.adaptart.com\/MARIO\/BOCETO\/WEB\/producto\/black-primer-100ml\/","title":{"rendered":"BLACK PRIMER 100ML"},"content":{"rendered":"<p>Los imprimadores de \u00faltima generaci\u00f3n permiten ser aplicados sobre el pl\u00e1stico con perfectas propiedades de adhesi\u00f3n. Basta con aplicar una capa ligera que ayude a romper la tensi\u00f3n superficial entre el pl\u00e1stico y la pintura base acr\u00edlica. Con una segunda capa podemos cubrir todo perfectamente y obtendremos un perfecto agarre de la pintura.<\/p>\n","protected":false},"excerpt":{"rendered":"<h4>BLACK PRIMER<\/h4>\n<p>Imprimaci\u00f3n acr\u00edlica autonivelante para superficies para aplicar con brocha o aer\u00f3grafo. Formulado para todo tipo de superficies. Alto poder de agarre. Secado r\u00e1pido, se puede lijar en 24 horas. Soluble en agua, se puede utilizar directamente o se puede utilizar diluido.<br \/>\nAgite bien antes de usar.<\/p>\n<h5><strong>100 ml.<\/strong><\/h5>\n","protected":false},"featured_media":10738,"comment_status":"open","ping_status":"closed","template":"","meta":[],"product_brand":[],"product_cat":[100],"product_tag":[94,92,101,95],"class_list":{"0":"post-10737","1":"product","2":"type-product","3":"status-publish","4":"has-post-thumbnail","6":"product_cat-pinceles-y-accesorios","7":"product_tag-acrilico","8":"product_tag-ak","9":"product_tag-imprimacion","10":"product_tag-pintura-3gen","13":"first","14":"instock","15":"taxable","16":"shipping-taxable","17":"purchasable","18":"product-type-simple"},"yoast_head":"<!-- This site is optimized with the Yoast SEO plugin v25.6 - https:\/\/yoast.com\/wordpress\/plugins\/seo\/ -->\n<title>BLACK PRIMER 100ML - KADAZRA<\/title>\n<meta name=\"robots\" content=\"index, follow, max-snippet:-1, max-image-preview:large, max-video-preview:-1\" \/>\n<link rel=\"canonical\" href=\"https:\/\/www.adaptart.com\/MARIO\/BOCETO\/WEB\/producto\/black-primer-100ml\/\" \/>\n<meta property=\"og:locale\" content=\"es_ES\" \/>\n<meta property=\"og:type\" content=\"article\" \/>\n<meta property=\"og:title\" content=\"BLACK PRIMER 100ML - KADAZRA\" \/>\n<meta property=\"og:description\" content=\"BLACK PRIMER Imprimaci\u00f3n acr\u00edlica autonivelante para superficies para aplicar con brocha o aer\u00f3grafo. Formulado para todo tipo de superficies. Alto poder de agarre. Secado r\u00e1pido, se puede lijar en 24 horas. Soluble en agua, se puede utilizar directamente o se puede utilizar diluido. Agite bien antes de usar. 100 ml.\" \/>\n<meta property=\"og:url\" content=\"https:\/\/www.adaptart.com\/MARIO\/BOCETO\/WEB\/producto\/black-primer-100ml\/\" \/>\n<meta property=\"og:site_name\" content=\"KADAZRA\" \/>\n<meta property=\"article:modified_time\" content=\"2023-06-30T08:57:14+00:00\" \/>\n<meta property=\"og:image\" content=\"https:\/\/www.adaptart.com\/MARIO\/BOCETO\/WEB\/wp-content\/uploads\/2023\/06\/ak11242_26lr13m.png\" \/>\n\t<meta property=\"og:image:width\" content=\"600\" \/>\n\t<meta property=\"og:image:height\" content=\"600\" \/>\n\t<meta property=\"og:image:type\" content=\"image\/png\" \/>\n<meta name=\"twitter:card\" content=\"summary_large_image\" \/>\n<meta name=\"twitter:label1\" content=\"Tiempo de lectura\" \/>\n\t<meta name=\"twitter:data1\" content=\"1 minuto\" \/>\n<script type=\"application\/ld+json\" class=\"yoast-schema-graph\">{\"@context\":\"https:\/\/schema.org\",\"@graph\":[{\"@type\":\"WebPage\",\"@id\":\"https:\/\/www.adaptart.com\/MARIO\/BOCETO\/WEB\/producto\/black-primer-100ml\/\",\"url\":\"https:\/\/www.adaptart.com\/MARIO\/BOCETO\/WEB\/producto\/black-primer-100ml\/\",\"name\":\"BLACK PRIMER 100ML - KADAZRA\",\"isPartOf\":{\"@id\":\"https:\/\/www.adaptart.com\/MARIO\/BOCETO\/WEB\/#website\"},\"primaryImageOfPage\":{\"@id\":\"https:\/\/www.adaptart.com\/MARIO\/BOCETO\/WEB\/producto\/black-primer-100ml\/#primaryimage\"},\"image\":{\"@id\":\"https:\/\/www.adaptart.com\/MARIO\/BOCETO\/WEB\/producto\/black-primer-100ml\/#primaryimage\"},\"thumbnailUrl\":\"https:\/\/www.adaptart.com\/MARIO\/BOCETO\/WEB\/wp-content\/uploads\/2023\/06\/ak11242_26lr13m.png\",\"datePublished\":\"2023-06-30T08:16:40+00:00\",\"dateModified\":\"2023-06-30T08:57:14+00:00\",\"breadcrumb\":{\"@id\":\"https:\/\/www.adaptart.com\/MARIO\/BOCETO\/WEB\/producto\/black-primer-100ml\/#breadcrumb\"},\"inLanguage\":\"es\",\"potentialAction\":[{\"@type\":\"ReadAction\",\"target\":[\"https:\/\/www.adaptart.com\/MARIO\/BOCETO\/WEB\/producto\/black-primer-100ml\/\"]}]},{\"@type\":\"ImageObject\",\"inLanguage\":\"es\",\"@id\":\"https:\/\/www.adaptart.com\/MARIO\/BOCETO\/WEB\/producto\/black-primer-100ml\/#primaryimage\",\"url\":\"https:\/\/www.adaptart.com\/MARIO\/BOCETO\/WEB\/wp-content\/uploads\/2023\/06\/ak11242_26lr13m.png\",\"contentUrl\":\"https:\/\/www.adaptart.com\/MARIO\/BOCETO\/WEB\/wp-content\/uploads\/2023\/06\/ak11242_26lr13m.png\",\"width\":600,\"height\":600},{\"@type\":\"BreadcrumbList\",\"@id\":\"https:\/\/www.adaptart.com\/MARIO\/BOCETO\/WEB\/producto\/black-primer-100ml\/#breadcrumb\",\"itemListElement\":[{\"@type\":\"ListItem\",\"position\":1,\"name\":\"Home\",\"item\":\"https:\/\/www.adaptart.com\/MARIO\/BOCETO\/WEB\/\"},{\"@type\":\"ListItem\",\"position\":2,\"name\":\"Shop\",\"item\":\"https:\/\/www.adaptart.com\/MARIO\/BOCETO\/WEB\/shop\/\"},{\"@type\":\"ListItem\",\"position\":3,\"name\":\"BLACK PRIMER 100ML\"}]},{\"@type\":\"WebSite\",\"@id\":\"https:\/\/www.adaptart.com\/MARIO\/BOCETO\/WEB\/#website\",\"url\":\"https:\/\/www.adaptart.com\/MARIO\/BOCETO\/WEB\/\",\"name\":\"KADAZRA\",\"description\":\"\",\"potentialAction\":[{\"@type\":\"SearchAction\",\"target\":{\"@type\":\"EntryPoint\",\"urlTemplate\":\"https:\/\/www.adaptart.com\/MARIO\/BOCETO\/WEB\/?s={search_term_string}\"},\"query-input\":{\"@type\":\"PropertyValueSpecification\",\"valueRequired\":true,\"valueName\":\"search_term_string\"}}],\"inLanguage\":\"es\"}]}<\/script>\n<!-- \/ Yoast SEO plugin. -->","yoast_head_json":{"title":"BLACK PRIMER 100ML - KADAZRA","robots":{"index":"index","follow":"follow","max-snippet":"max-snippet:-1","max-image-preview":"max-image-preview:large","max-video-preview":"max-video-preview:-1"},"canonical":"https:\/\/www.adaptart.com\/MARIO\/BOCETO\/WEB\/producto\/black-primer-100ml\/","og_locale":"es_ES","og_type":"article","og_title":"BLACK PRIMER 100ML - KADAZRA","og_description":"BLACK PRIMER Imprimaci\u00f3n acr\u00edlica autonivelante para superficies para aplicar con brocha o aer\u00f3grafo. Formulado para todo tipo de superficies. Alto poder de agarre. Secado r\u00e1pido, se puede lijar en 24 horas. Soluble en agua, se puede utilizar directamente o se puede utilizar diluido. Agite bien antes de usar. 100 ml.","og_url":"https:\/\/www.adaptart.com\/MARIO\/BOCETO\/WEB\/producto\/black-primer-100ml\/","og_site_name":"KADAZRA","article_modified_time":"2023-06-30T08:57:14+00:00","og_image":[{"width":600,"height":600,"url":"https:\/\/www.adaptart.com\/MARIO\/BOCETO\/WEB\/wp-content\/uploads\/2023\/06\/ak11242_26lr13m.png","type":"image\/png"}],"twitter_card":"summary_large_image","twitter_misc":{"Tiempo de lectura":"1 minuto"},"schema":{"@context":"https:\/\/schema.org","@graph":[{"@type":"WebPage","@id":"https:\/\/www.adaptart.com\/MARIO\/BOCETO\/WEB\/producto\/black-primer-100ml\/","url":"https:\/\/www.adaptart.com\/MARIO\/BOCETO\/WEB\/producto\/black-primer-100ml\/","name":"BLACK PRIMER 100ML - KADAZRA","isPartOf":{"@id":"https:\/\/www.adaptart.com\/MARIO\/BOCETO\/WEB\/#website"},"primaryImageOfPage":{"@id":"https:\/\/www.adaptart.com\/MARIO\/BOCETO\/WEB\/producto\/black-primer-100ml\/#primaryimage"},"image":{"@id":"https:\/\/www.adaptart.com\/MARIO\/BOCETO\/WEB\/producto\/black-primer-100ml\/#primaryimage"},"thumbnailUrl":"https:\/\/www.adaptart.com\/MARIO\/BOCETO\/WEB\/wp-content\/uploads\/2023\/06\/ak11242_26lr13m.png","datePublished":"2023-06-30T08:16:40+00:00","dateModified":"2023-06-30T08:57:14+00:00","breadcrumb":{"@id":"https:\/\/www.adaptart.com\/MARIO\/BOCETO\/WEB\/producto\/black-primer-100ml\/#breadcrumb"},"inLanguage":"es","potentialAction":[{"@type":"ReadAction","target":["https:\/\/www.adaptart.com\/MARIO\/BOCETO\/WEB\/producto\/black-primer-100ml\/"]}]},{"@type":"ImageObject","inLanguage":"es","@id":"https:\/\/www.adaptart.com\/MARIO\/BOCETO\/WEB\/producto\/black-primer-100ml\/#primaryimage","url":"https:\/\/www.adaptart.com\/MARIO\/BOCETO\/WEB\/wp-content\/uploads\/2023\/06\/ak11242_26lr13m.png","contentUrl":"https:\/\/www.adaptart.com\/MARIO\/BOCETO\/WEB\/wp-content\/uploads\/2023\/06\/ak11242_26lr13m.png","width":600,"height":600},{"@type":"BreadcrumbList","@id":"https:\/\/www.adaptart.com\/MARIO\/BOCETO\/WEB\/producto\/black-primer-100ml\/#breadcrumb","itemListElement":[{"@type":"ListItem","position":1,"name":"Home","item":"https:\/\/www.adaptart.com\/MARIO\/BOCETO\/WEB\/"},{"@type":"ListItem","position":2,"name":"Shop","item":"https:\/\/www.adaptart.com\/MARIO\/BOCETO\/WEB\/shop\/"},{"@type":"ListItem","position":3,"name":"BLACK PRIMER 100ML"}]},{"@type":"WebSite","@id":"https:\/\/www.adaptart.com\/MARIO\/BOCETO\/WEB\/#website","url":"https:\/\/www.adaptart.com\/MARIO\/BOCETO\/WEB\/","name":"KADAZRA","description":"","potentialAction":[{"@type":"SearchAction","target":{"@type":"EntryPoint","urlTemplate":"https:\/\/www.adaptart.com\/MARIO\/BOCETO\/WEB\/?s={search_term_string}"},"query-input":{"@type":"PropertyValueSpecification","valueRequired":true,"valueName":"search_term_string"}}],"inLanguage":"es"}]}},"_links":{"self":[{"href":"https:\/\/www.adaptart.com\/MARIO\/BOCETO\/WEB\/wp-json\/wp\/v2\/product\/10737"}],"collection":[{"href":"https:\/\/www.adaptart.com\/MARIO\/BOCETO\/WEB\/wp-json\/wp\/v2\/product"}],"about":[{"href":"https:\/\/www.adaptart.com\/MARIO\/BOCETO\/WEB\/wp-json\/wp\/v2\/types\/product"}],"replies":[{"embeddable":true,"href":"https:\/\/www.adaptart.com\/MARIO\/BOCETO\/WEB\/wp-json\/wp\/v2\/comments?post=10737"}],"wp:featuredmedia":[{"embeddable":true,"href":"https:\/\/www.adaptart.com\/MARIO\/BOCETO\/WEB\/wp-json\/wp\/v2\/media\/10738"}],"wp:attachment":[{"href":"https:\/\/www.adaptart.com\/MARIO\/BOCETO\/WEB\/wp-json\/wp\/v2\/media?parent=10737"}],"wp:term":[{"taxonomy":"product_brand","embeddable":true,"href":"https:\/\/www.adaptart.com\/MARIO\/BOCETO\/WEB\/wp-json\/wp\/v2\/product_brand?post=10737"},{"taxonomy":"product_cat","embeddable":true,"href":"https:\/\/www.adaptart.com\/MARIO\/BOCETO\/WEB\/wp-json\/wp\/v2\/product_cat?post=10737"},{"taxonomy":"product_tag","embeddable":true,"href":"https:\/\/www.adaptart.com\/MARIO\/BOCETO\/WEB\/wp-json\/wp\/v2\/product_tag?post=10737"}],"curies":[{"name":"wp","href":"https:\/\/api.w.org\/{rel}","templated":true}]}}