{"id":11946,"date":"2024-10-05T09:27:27","date_gmt":"2024-10-05T09:27:27","guid":{"rendered":"https:\/\/www.adaptart.com\/MARIO\/BOCETO\/WEB\/?post_type=product&#038;p=11946"},"modified":"2024-10-05T19:13:31","modified_gmt":"2024-10-05T19:13:31","slug":"high-pigmentation-set-14-colors-ak11780","status":"publish","type":"product","link":"https:\/\/www.adaptart.com\/MARIO\/BOCETO\/WEB\/producto\/high-pigmentation-set-14-colors-ak11780\/","title":{"rendered":"HIGH PIGMENTATION SET 14 COLORS AK11780"},"content":{"rendered":"","protected":false},"excerpt":{"rendered":"<div id=\"tab-description\" class=\"woocommerce-Tabs-panel woocommerce-Tabs-panel--description panel entry-content wc-tab\" role=\"tabpanel\" aria-labelledby=\"tab-title-description\">\n<p>This is a very special set including the new COLOR PUNCH. The 3GEN paint line is extended with a new range of vibrant and energetic colors. 10 new references for a real explosion of highly pigmented colors. They have been formulated with the idea of obtaining both nuances in shades, as well as making base tones and mid-tones much more vivid and intense.<\/p>\n<p>The set also includes 4 \u201cintense\u201d colors from the classic 3GEN range. The intensity not only lies in the pigments, saturation and shades, but also in the emotions the arouse. Get ready to immerse yourself in the experience of a set of intense colors that complete your palette and redefine your ability to convey emotions. Let the creative explosion begin!<\/p>\n<p>Este es un set muy especial que incluye los nuevos COLOR PUNCH. La l\u00ednea de pinturas 3GEN se ampl\u00eda con una nueva gama de colores vibrantes y llenos de energ\u00eda. 10 nuevas referencias para obtener una aut\u00e9ntica explosi\u00f3n de colores altamente pigmentados. Han sido formulados con idea de obtener tanto matices en sombras, como tonos base y tonos medios mucho m\u00e1s vivos e intensos.<\/p>\n<p>El set tambi\u00e9n incluye 4 colores \u201cintense\u201d de la gama cl\u00e1sica 3GEN. La intensidad de los colores no solo reside en los pigmentos, en la saturaci\u00f3n y en los matices, sino en las emociones que despiertan. Prep\u00e1rate para sumergirte en la experiencia de un set de colores intensos que completan tu paleta y redefinen tu capacidad de transmitir emociones. \u00a1Que la explosi\u00f3n creativa comience!<\/p>\n<\/div>\n<div id=\"tab-reviews\" class=\"woocommerce-Tabs-panel woocommerce-Tabs-panel--reviews panel entry-content wc-tab\" role=\"tabpanel\" aria-labelledby=\"tab-title-reviews\">\n<div id=\"reviews\" class=\"woocommerce-Reviews\">\n<div id=\"comments\"><\/div>\n<\/div>\n<\/div>\n","protected":false},"featured_media":12105,"comment_status":"open","ping_status":"closed","template":"","meta":[],"product_brand":[],"product_cat":[99],"product_tag":[],"class_list":{"0":"post-11946","1":"product","2":"type-product","3":"status-publish","4":"has-post-thumbnail","6":"product_cat-packs-de-pinturas","9":"first","10":"instock","11":"taxable","12":"shipping-taxable","13":"purchasable","14":"product-type-simple"},"yoast_head":"<!-- This site is optimized with the Yoast SEO plugin v25.6 - https:\/\/yoast.com\/wordpress\/plugins\/seo\/ -->\n<title>HIGH PIGMENTATION SET 14 COLORS AK11780 - KADAZRA<\/title>\n<meta name=\"robots\" content=\"index, follow, max-snippet:-1, max-image-preview:large, max-video-preview:-1\" \/>\n<link rel=\"canonical\" href=\"https:\/\/www.adaptart.com\/MARIO\/BOCETO\/WEB\/producto\/high-pigmentation-set-14-colors-ak11780\/\" \/>\n<meta property=\"og:locale\" content=\"es_ES\" \/>\n<meta property=\"og:type\" content=\"article\" \/>\n<meta property=\"og:title\" content=\"HIGH PIGMENTATION SET 14 COLORS AK11780 - KADAZRA\" \/>\n<meta property=\"og:description\" content=\"This is a very special set including the new COLOR PUNCH. The 3GEN paint line is extended with a new range of vibrant and energetic colors. 10 new references for a real explosion of highly pigmented colors. They have been formulated with the idea of obtaining both nuances in shades, as well as making base tones and mid-tones much more vivid and intense.  The set also includes 4 \u201cintense\u201d colors from the classic 3GEN range. The intensity not only lies in the pigments, saturation and shades, but also in the emotions the arouse. Get ready to immerse yourself in the experience of a set of intense colors that complete your palette and redefine your ability to convey emotions. Let the creative explosion begin!  Este es un set muy especial que incluye los nuevos COLOR PUNCH. La l\u00ednea de pinturas 3GEN se ampl\u00eda con una nueva gama de colores vibrantes y llenos de energ\u00eda. 10 nuevas referencias para obtener una aut\u00e9ntica explosi\u00f3n de colores altamente pigmentados. Han sido formulados con idea de obtener tanto matices en sombras, como tonos base y tonos medios mucho m\u00e1s vivos e intensos.  El set tambi\u00e9n incluye 4 colores \u201cintense\u201d de la gama cl\u00e1sica 3GEN. La intensidad de los colores no solo reside en los pigmentos, en la saturaci\u00f3n y en los matices, sino en las emociones que despiertan. Prep\u00e1rate para sumergirte en la experiencia de un set de colores intensos que completan tu paleta y redefinen tu capacidad de transmitir emociones. \u00a1Que la explosi\u00f3n creativa comience!\" \/>\n<meta property=\"og:url\" content=\"https:\/\/www.adaptart.com\/MARIO\/BOCETO\/WEB\/producto\/high-pigmentation-set-14-colors-ak11780\/\" \/>\n<meta property=\"og:site_name\" content=\"KADAZRA\" \/>\n<meta property=\"article:modified_time\" content=\"2024-10-05T19:13:31+00:00\" \/>\n<meta property=\"og:image\" content=\"https:\/\/www.adaptart.com\/MARIO\/BOCETO\/WEB\/wp-content\/uploads\/2023\/12\/AK11780-1024x1024.png\" \/>\n\t<meta property=\"og:image:width\" content=\"1024\" \/>\n\t<meta property=\"og:image:height\" content=\"1024\" \/>\n\t<meta property=\"og:image:type\" content=\"image\/png\" \/>\n<meta name=\"twitter:card\" content=\"summary_large_image\" \/>\n<meta name=\"twitter:label1\" content=\"Tiempo de lectura\" \/>\n\t<meta name=\"twitter:data1\" content=\"1 minuto\" \/>\n<script type=\"application\/ld+json\" class=\"yoast-schema-graph\">{\"@context\":\"https:\/\/schema.org\",\"@graph\":[{\"@type\":\"WebPage\",\"@id\":\"https:\/\/www.adaptart.com\/MARIO\/BOCETO\/WEB\/producto\/high-pigmentation-set-14-colors-ak11780\/\",\"url\":\"https:\/\/www.adaptart.com\/MARIO\/BOCETO\/WEB\/producto\/high-pigmentation-set-14-colors-ak11780\/\",\"name\":\"HIGH PIGMENTATION SET 14 COLORS AK11780 - KADAZRA\",\"isPartOf\":{\"@id\":\"https:\/\/www.adaptart.com\/MARIO\/BOCETO\/WEB\/#website\"},\"primaryImageOfPage\":{\"@id\":\"https:\/\/www.adaptart.com\/MARIO\/BOCETO\/WEB\/producto\/high-pigmentation-set-14-colors-ak11780\/#primaryimage\"},\"image\":{\"@id\":\"https:\/\/www.adaptart.com\/MARIO\/BOCETO\/WEB\/producto\/high-pigmentation-set-14-colors-ak11780\/#primaryimage\"},\"thumbnailUrl\":\"https:\/\/www.adaptart.com\/MARIO\/BOCETO\/WEB\/wp-content\/uploads\/2023\/12\/AK11780.png\",\"datePublished\":\"2024-10-05T09:27:27+00:00\",\"dateModified\":\"2024-10-05T19:13:31+00:00\",\"breadcrumb\":{\"@id\":\"https:\/\/www.adaptart.com\/MARIO\/BOCETO\/WEB\/producto\/high-pigmentation-set-14-colors-ak11780\/#breadcrumb\"},\"inLanguage\":\"es\",\"potentialAction\":[{\"@type\":\"ReadAction\",\"target\":[\"https:\/\/www.adaptart.com\/MARIO\/BOCETO\/WEB\/producto\/high-pigmentation-set-14-colors-ak11780\/\"]}]},{\"@type\":\"ImageObject\",\"inLanguage\":\"es\",\"@id\":\"https:\/\/www.adaptart.com\/MARIO\/BOCETO\/WEB\/producto\/high-pigmentation-set-14-colors-ak11780\/#primaryimage\",\"url\":\"https:\/\/www.adaptart.com\/MARIO\/BOCETO\/WEB\/wp-content\/uploads\/2023\/12\/AK11780.png\",\"contentUrl\":\"https:\/\/www.adaptart.com\/MARIO\/BOCETO\/WEB\/wp-content\/uploads\/2023\/12\/AK11780.png\",\"width\":2500,\"height\":2500},{\"@type\":\"BreadcrumbList\",\"@id\":\"https:\/\/www.adaptart.com\/MARIO\/BOCETO\/WEB\/producto\/high-pigmentation-set-14-colors-ak11780\/#breadcrumb\",\"itemListElement\":[{\"@type\":\"ListItem\",\"position\":1,\"name\":\"Home\",\"item\":\"https:\/\/www.adaptart.com\/MARIO\/BOCETO\/WEB\/\"},{\"@type\":\"ListItem\",\"position\":2,\"name\":\"Shop\",\"item\":\"https:\/\/www.adaptart.com\/MARIO\/BOCETO\/WEB\/shop\/\"},{\"@type\":\"ListItem\",\"position\":3,\"name\":\"HIGH PIGMENTATION SET 14 COLORS AK11780\"}]},{\"@type\":\"WebSite\",\"@id\":\"https:\/\/www.adaptart.com\/MARIO\/BOCETO\/WEB\/#website\",\"url\":\"https:\/\/www.adaptart.com\/MARIO\/BOCETO\/WEB\/\",\"name\":\"KADAZRA\",\"description\":\"\",\"potentialAction\":[{\"@type\":\"SearchAction\",\"target\":{\"@type\":\"EntryPoint\",\"urlTemplate\":\"https:\/\/www.adaptart.com\/MARIO\/BOCETO\/WEB\/?s={search_term_string}\"},\"query-input\":{\"@type\":\"PropertyValueSpecification\",\"valueRequired\":true,\"valueName\":\"search_term_string\"}}],\"inLanguage\":\"es\"}]}<\/script>\n<!-- \/ Yoast SEO plugin. -->","yoast_head_json":{"title":"HIGH PIGMENTATION SET 14 COLORS AK11780 - KADAZRA","robots":{"index":"index","follow":"follow","max-snippet":"max-snippet:-1","max-image-preview":"max-image-preview:large","max-video-preview":"max-video-preview:-1"},"canonical":"https:\/\/www.adaptart.com\/MARIO\/BOCETO\/WEB\/producto\/high-pigmentation-set-14-colors-ak11780\/","og_locale":"es_ES","og_type":"article","og_title":"HIGH PIGMENTATION SET 14 COLORS AK11780 - KADAZRA","og_description":"This is a very special set including the new COLOR PUNCH. The 3GEN paint line is extended with a new range of vibrant and energetic colors. 10 new references for a real explosion of highly pigmented colors. They have been formulated with the idea of obtaining both nuances in shades, as well as making base tones and mid-tones much more vivid and intense.  The set also includes 4 \u201cintense\u201d colors from the classic 3GEN range. The intensity not only lies in the pigments, saturation and shades, but also in the emotions the arouse. Get ready to immerse yourself in the experience of a set of intense colors that complete your palette and redefine your ability to convey emotions. Let the creative explosion begin!  Este es un set muy especial que incluye los nuevos COLOR PUNCH. La l\u00ednea de pinturas 3GEN se ampl\u00eda con una nueva gama de colores vibrantes y llenos de energ\u00eda. 10 nuevas referencias para obtener una aut\u00e9ntica explosi\u00f3n de colores altamente pigmentados. Han sido formulados con idea de obtener tanto matices en sombras, como tonos base y tonos medios mucho m\u00e1s vivos e intensos.  El set tambi\u00e9n incluye 4 colores \u201cintense\u201d de la gama cl\u00e1sica 3GEN. La intensidad de los colores no solo reside en los pigmentos, en la saturaci\u00f3n y en los matices, sino en las emociones que despiertan. Prep\u00e1rate para sumergirte en la experiencia de un set de colores intensos que completan tu paleta y redefinen tu capacidad de transmitir emociones. \u00a1Que la explosi\u00f3n creativa comience!","og_url":"https:\/\/www.adaptart.com\/MARIO\/BOCETO\/WEB\/producto\/high-pigmentation-set-14-colors-ak11780\/","og_site_name":"KADAZRA","article_modified_time":"2024-10-05T19:13:31+00:00","og_image":[{"width":1024,"height":1024,"url":"https:\/\/www.adaptart.com\/MARIO\/BOCETO\/WEB\/wp-content\/uploads\/2023\/12\/AK11780-1024x1024.png","type":"image\/png"}],"twitter_card":"summary_large_image","twitter_misc":{"Tiempo de lectura":"1 minuto"},"schema":{"@context":"https:\/\/schema.org","@graph":[{"@type":"WebPage","@id":"https:\/\/www.adaptart.com\/MARIO\/BOCETO\/WEB\/producto\/high-pigmentation-set-14-colors-ak11780\/","url":"https:\/\/www.adaptart.com\/MARIO\/BOCETO\/WEB\/producto\/high-pigmentation-set-14-colors-ak11780\/","name":"HIGH PIGMENTATION SET 14 COLORS AK11780 - KADAZRA","isPartOf":{"@id":"https:\/\/www.adaptart.com\/MARIO\/BOCETO\/WEB\/#website"},"primaryImageOfPage":{"@id":"https:\/\/www.adaptart.com\/MARIO\/BOCETO\/WEB\/producto\/high-pigmentation-set-14-colors-ak11780\/#primaryimage"},"image":{"@id":"https:\/\/www.adaptart.com\/MARIO\/BOCETO\/WEB\/producto\/high-pigmentation-set-14-colors-ak11780\/#primaryimage"},"thumbnailUrl":"https:\/\/www.adaptart.com\/MARIO\/BOCETO\/WEB\/wp-content\/uploads\/2023\/12\/AK11780.png","datePublished":"2024-10-05T09:27:27+00:00","dateModified":"2024-10-05T19:13:31+00:00","breadcrumb":{"@id":"https:\/\/www.adaptart.com\/MARIO\/BOCETO\/WEB\/producto\/high-pigmentation-set-14-colors-ak11780\/#breadcrumb"},"inLanguage":"es","potentialAction":[{"@type":"ReadAction","target":["https:\/\/www.adaptart.com\/MARIO\/BOCETO\/WEB\/producto\/high-pigmentation-set-14-colors-ak11780\/"]}]},{"@type":"ImageObject","inLanguage":"es","@id":"https:\/\/www.adaptart.com\/MARIO\/BOCETO\/WEB\/producto\/high-pigmentation-set-14-colors-ak11780\/#primaryimage","url":"https:\/\/www.adaptart.com\/MARIO\/BOCETO\/WEB\/wp-content\/uploads\/2023\/12\/AK11780.png","contentUrl":"https:\/\/www.adaptart.com\/MARIO\/BOCETO\/WEB\/wp-content\/uploads\/2023\/12\/AK11780.png","width":2500,"height":2500},{"@type":"BreadcrumbList","@id":"https:\/\/www.adaptart.com\/MARIO\/BOCETO\/WEB\/producto\/high-pigmentation-set-14-colors-ak11780\/#breadcrumb","itemListElement":[{"@type":"ListItem","position":1,"name":"Home","item":"https:\/\/www.adaptart.com\/MARIO\/BOCETO\/WEB\/"},{"@type":"ListItem","position":2,"name":"Shop","item":"https:\/\/www.adaptart.com\/MARIO\/BOCETO\/WEB\/shop\/"},{"@type":"ListItem","position":3,"name":"HIGH PIGMENTATION SET 14 COLORS AK11780"}]},{"@type":"WebSite","@id":"https:\/\/www.adaptart.com\/MARIO\/BOCETO\/WEB\/#website","url":"https:\/\/www.adaptart.com\/MARIO\/BOCETO\/WEB\/","name":"KADAZRA","description":"","potentialAction":[{"@type":"SearchAction","target":{"@type":"EntryPoint","urlTemplate":"https:\/\/www.adaptart.com\/MARIO\/BOCETO\/WEB\/?s={search_term_string}"},"query-input":{"@type":"PropertyValueSpecification","valueRequired":true,"valueName":"search_term_string"}}],"inLanguage":"es"}]}},"_links":{"self":[{"href":"https:\/\/www.adaptart.com\/MARIO\/BOCETO\/WEB\/wp-json\/wp\/v2\/product\/11946"}],"collection":[{"href":"https:\/\/www.adaptart.com\/MARIO\/BOCETO\/WEB\/wp-json\/wp\/v2\/product"}],"about":[{"href":"https:\/\/www.adaptart.com\/MARIO\/BOCETO\/WEB\/wp-json\/wp\/v2\/types\/product"}],"replies":[{"embeddable":true,"href":"https:\/\/www.adaptart.com\/MARIO\/BOCETO\/WEB\/wp-json\/wp\/v2\/comments?post=11946"}],"wp:featuredmedia":[{"embeddable":true,"href":"https:\/\/www.adaptart.com\/MARIO\/BOCETO\/WEB\/wp-json\/wp\/v2\/media\/12105"}],"wp:attachment":[{"href":"https:\/\/www.adaptart.com\/MARIO\/BOCETO\/WEB\/wp-json\/wp\/v2\/media?parent=11946"}],"wp:term":[{"taxonomy":"product_brand","embeddable":true,"href":"https:\/\/www.adaptart.com\/MARIO\/BOCETO\/WEB\/wp-json\/wp\/v2\/product_brand?post=11946"},{"taxonomy":"product_cat","embeddable":true,"href":"https:\/\/www.adaptart.com\/MARIO\/BOCETO\/WEB\/wp-json\/wp\/v2\/product_cat?post=11946"},{"taxonomy":"product_tag","embeddable":true,"href":"https:\/\/www.adaptart.com\/MARIO\/BOCETO\/WEB\/wp-json\/wp\/v2\/product_tag?post=11946"}],"curies":[{"name":"wp","href":"https:\/\/api.w.org\/{rel}","templated":true}]}}