{"id":11972,"date":"2024-10-05T16:54:46","date_gmt":"2024-10-05T16:54:46","guid":{"rendered":"https:\/\/www.adaptart.com\/MARIO\/BOCETO\/WEB\/?post_type=product&#038;p=11972"},"modified":"2024-10-05T18:59:47","modified_gmt":"2024-10-05T18:59:47","slug":"camo-green-ak16007","status":"publish","type":"product","link":"https:\/\/www.adaptart.com\/MARIO\/BOCETO\/WEB\/producto\/camo-green-ak16007\/","title":{"rendered":"CAMO GREEN \u2013 AK16007"},"content":{"rendered":"","protected":false},"excerpt":{"rendered":"<p>THE INKS (30ML)<\/p>\n<p>The new AL Inks belong to a generation of acrylic inks made to meet the requirements of figure modelers. They are formulated with high quality pigments for unique gloss, saturation and vibrancy. The polymers and additives used allow for perfect pigment cohesion, improving resistance and drying compared to any other ink on the market. Combine the inks with acrylic paints for more powerful shades and vibrant colors.<\/p>\n<p>Las nuevas tintas de AK pertenecen a una generaci\u00f3n de tintas acr\u00edlicas fabricadas para cubrir los requisitos de los modelistas de figuras. Est\u00e1n formuladas con pigmentos de alta calidad para obtener un brillo, saturaci\u00f3n y viveza \u00fanicos. Los pol\u00edmeros y aditivos empleados permiten una cohesi\u00f3n perfecta del pigmento mejorando la resistencia y el secado en comparaci\u00f3n con cualquier otra tinta del mercado. Combina las tintas con pinturas acr\u00edlicas para obtener mayor potencia en los tonos y obtener colores muy vibrantes.<\/p>\n","protected":false},"featured_media":12114,"comment_status":"open","ping_status":"closed","template":"","meta":[],"product_brand":[],"product_cat":[121,89],"product_tag":[],"class_list":{"0":"post-11972","1":"product","2":"type-product","3":"status-publish","4":"has-post-thumbnail","6":"product_cat-novedades","7":"product_cat-pinturas","10":"first","11":"instock","12":"taxable","13":"shipping-taxable","14":"purchasable","15":"product-type-simple"},"yoast_head":"<!-- This site is optimized with the Yoast SEO plugin v25.6 - https:\/\/yoast.com\/wordpress\/plugins\/seo\/ -->\n<title>CAMO GREEN \u2013 AK16007 - KADAZRA<\/title>\n<meta name=\"robots\" content=\"index, follow, max-snippet:-1, max-image-preview:large, max-video-preview:-1\" \/>\n<link rel=\"canonical\" href=\"https:\/\/www.adaptart.com\/MARIO\/BOCETO\/WEB\/producto\/camo-green-ak16007\/\" \/>\n<meta property=\"og:locale\" content=\"es_ES\" \/>\n<meta property=\"og:type\" content=\"article\" \/>\n<meta property=\"og:title\" content=\"CAMO GREEN \u2013 AK16007 - KADAZRA\" \/>\n<meta property=\"og:description\" content=\"THE INKS (30ML)  The new AL Inks belong to a generation of acrylic inks made to meet the requirements of figure modelers. They are formulated with high quality pigments for unique gloss, saturation and vibrancy. The polymers and additives used allow for perfect pigment cohesion, improving resistance and drying compared to any other ink on the market. Combine the inks with acrylic paints for more powerful shades and vibrant colors.  Las nuevas tintas de AK pertenecen a una generaci\u00f3n de tintas acr\u00edlicas fabricadas para cubrir los requisitos de los modelistas de figuras. Est\u00e1n formuladas con pigmentos de alta calidad para obtener un brillo, saturaci\u00f3n y viveza \u00fanicos. Los pol\u00edmeros y aditivos empleados permiten una cohesi\u00f3n perfecta del pigmento mejorando la resistencia y el secado en comparaci\u00f3n con cualquier otra tinta del mercado. Combina las tintas con pinturas acr\u00edlicas para obtener mayor potencia en los tonos y obtener colores muy vibrantes.\" \/>\n<meta property=\"og:url\" content=\"https:\/\/www.adaptart.com\/MARIO\/BOCETO\/WEB\/producto\/camo-green-ak16007\/\" \/>\n<meta property=\"og:site_name\" content=\"KADAZRA\" \/>\n<meta property=\"article:modified_time\" content=\"2024-10-05T18:59:47+00:00\" \/>\n<meta property=\"og:image\" content=\"https:\/\/www.adaptart.com\/MARIO\/BOCETO\/WEB\/wp-content\/uploads\/2023\/12\/AK16007.png\" \/>\n\t<meta property=\"og:image:width\" content=\"3840\" \/>\n\t<meta property=\"og:image:height\" content=\"2179\" \/>\n\t<meta property=\"og:image:type\" content=\"image\/png\" \/>\n<meta name=\"twitter:card\" content=\"summary_large_image\" \/>\n<meta name=\"twitter:label1\" content=\"Tiempo de lectura\" \/>\n\t<meta name=\"twitter:data1\" content=\"1 minuto\" \/>\n<script type=\"application\/ld+json\" class=\"yoast-schema-graph\">{\"@context\":\"https:\/\/schema.org\",\"@graph\":[{\"@type\":\"WebPage\",\"@id\":\"https:\/\/www.adaptart.com\/MARIO\/BOCETO\/WEB\/producto\/camo-green-ak16007\/\",\"url\":\"https:\/\/www.adaptart.com\/MARIO\/BOCETO\/WEB\/producto\/camo-green-ak16007\/\",\"name\":\"CAMO GREEN \u2013 AK16007 - KADAZRA\",\"isPartOf\":{\"@id\":\"https:\/\/www.adaptart.com\/MARIO\/BOCETO\/WEB\/#website\"},\"primaryImageOfPage\":{\"@id\":\"https:\/\/www.adaptart.com\/MARIO\/BOCETO\/WEB\/producto\/camo-green-ak16007\/#primaryimage\"},\"image\":{\"@id\":\"https:\/\/www.adaptart.com\/MARIO\/BOCETO\/WEB\/producto\/camo-green-ak16007\/#primaryimage\"},\"thumbnailUrl\":\"https:\/\/www.adaptart.com\/MARIO\/BOCETO\/WEB\/wp-content\/uploads\/2023\/12\/AK16007.png\",\"datePublished\":\"2024-10-05T16:54:46+00:00\",\"dateModified\":\"2024-10-05T18:59:47+00:00\",\"breadcrumb\":{\"@id\":\"https:\/\/www.adaptart.com\/MARIO\/BOCETO\/WEB\/producto\/camo-green-ak16007\/#breadcrumb\"},\"inLanguage\":\"es\",\"potentialAction\":[{\"@type\":\"ReadAction\",\"target\":[\"https:\/\/www.adaptart.com\/MARIO\/BOCETO\/WEB\/producto\/camo-green-ak16007\/\"]}]},{\"@type\":\"ImageObject\",\"inLanguage\":\"es\",\"@id\":\"https:\/\/www.adaptart.com\/MARIO\/BOCETO\/WEB\/producto\/camo-green-ak16007\/#primaryimage\",\"url\":\"https:\/\/www.adaptart.com\/MARIO\/BOCETO\/WEB\/wp-content\/uploads\/2023\/12\/AK16007.png\",\"contentUrl\":\"https:\/\/www.adaptart.com\/MARIO\/BOCETO\/WEB\/wp-content\/uploads\/2023\/12\/AK16007.png\",\"width\":3840,\"height\":2179},{\"@type\":\"BreadcrumbList\",\"@id\":\"https:\/\/www.adaptart.com\/MARIO\/BOCETO\/WEB\/producto\/camo-green-ak16007\/#breadcrumb\",\"itemListElement\":[{\"@type\":\"ListItem\",\"position\":1,\"name\":\"Home\",\"item\":\"https:\/\/www.adaptart.com\/MARIO\/BOCETO\/WEB\/\"},{\"@type\":\"ListItem\",\"position\":2,\"name\":\"Shop\",\"item\":\"https:\/\/www.adaptart.com\/MARIO\/BOCETO\/WEB\/shop\/\"},{\"@type\":\"ListItem\",\"position\":3,\"name\":\"CAMO GREEN \u2013 AK16007\"}]},{\"@type\":\"WebSite\",\"@id\":\"https:\/\/www.adaptart.com\/MARIO\/BOCETO\/WEB\/#website\",\"url\":\"https:\/\/www.adaptart.com\/MARIO\/BOCETO\/WEB\/\",\"name\":\"KADAZRA\",\"description\":\"\",\"potentialAction\":[{\"@type\":\"SearchAction\",\"target\":{\"@type\":\"EntryPoint\",\"urlTemplate\":\"https:\/\/www.adaptart.com\/MARIO\/BOCETO\/WEB\/?s={search_term_string}\"},\"query-input\":{\"@type\":\"PropertyValueSpecification\",\"valueRequired\":true,\"valueName\":\"search_term_string\"}}],\"inLanguage\":\"es\"}]}<\/script>\n<!-- \/ Yoast SEO plugin. -->","yoast_head_json":{"title":"CAMO GREEN \u2013 AK16007 - KADAZRA","robots":{"index":"index","follow":"follow","max-snippet":"max-snippet:-1","max-image-preview":"max-image-preview:large","max-video-preview":"max-video-preview:-1"},"canonical":"https:\/\/www.adaptart.com\/MARIO\/BOCETO\/WEB\/producto\/camo-green-ak16007\/","og_locale":"es_ES","og_type":"article","og_title":"CAMO GREEN \u2013 AK16007 - KADAZRA","og_description":"THE INKS (30ML)  The new AL Inks belong to a generation of acrylic inks made to meet the requirements of figure modelers. They are formulated with high quality pigments for unique gloss, saturation and vibrancy. The polymers and additives used allow for perfect pigment cohesion, improving resistance and drying compared to any other ink on the market. Combine the inks with acrylic paints for more powerful shades and vibrant colors.  Las nuevas tintas de AK pertenecen a una generaci\u00f3n de tintas acr\u00edlicas fabricadas para cubrir los requisitos de los modelistas de figuras. Est\u00e1n formuladas con pigmentos de alta calidad para obtener un brillo, saturaci\u00f3n y viveza \u00fanicos. Los pol\u00edmeros y aditivos empleados permiten una cohesi\u00f3n perfecta del pigmento mejorando la resistencia y el secado en comparaci\u00f3n con cualquier otra tinta del mercado. Combina las tintas con pinturas acr\u00edlicas para obtener mayor potencia en los tonos y obtener colores muy vibrantes.","og_url":"https:\/\/www.adaptart.com\/MARIO\/BOCETO\/WEB\/producto\/camo-green-ak16007\/","og_site_name":"KADAZRA","article_modified_time":"2024-10-05T18:59:47+00:00","og_image":[{"width":3840,"height":2179,"url":"https:\/\/www.adaptart.com\/MARIO\/BOCETO\/WEB\/wp-content\/uploads\/2023\/12\/AK16007.png","type":"image\/png"}],"twitter_card":"summary_large_image","twitter_misc":{"Tiempo de lectura":"1 minuto"},"schema":{"@context":"https:\/\/schema.org","@graph":[{"@type":"WebPage","@id":"https:\/\/www.adaptart.com\/MARIO\/BOCETO\/WEB\/producto\/camo-green-ak16007\/","url":"https:\/\/www.adaptart.com\/MARIO\/BOCETO\/WEB\/producto\/camo-green-ak16007\/","name":"CAMO GREEN \u2013 AK16007 - KADAZRA","isPartOf":{"@id":"https:\/\/www.adaptart.com\/MARIO\/BOCETO\/WEB\/#website"},"primaryImageOfPage":{"@id":"https:\/\/www.adaptart.com\/MARIO\/BOCETO\/WEB\/producto\/camo-green-ak16007\/#primaryimage"},"image":{"@id":"https:\/\/www.adaptart.com\/MARIO\/BOCETO\/WEB\/producto\/camo-green-ak16007\/#primaryimage"},"thumbnailUrl":"https:\/\/www.adaptart.com\/MARIO\/BOCETO\/WEB\/wp-content\/uploads\/2023\/12\/AK16007.png","datePublished":"2024-10-05T16:54:46+00:00","dateModified":"2024-10-05T18:59:47+00:00","breadcrumb":{"@id":"https:\/\/www.adaptart.com\/MARIO\/BOCETO\/WEB\/producto\/camo-green-ak16007\/#breadcrumb"},"inLanguage":"es","potentialAction":[{"@type":"ReadAction","target":["https:\/\/www.adaptart.com\/MARIO\/BOCETO\/WEB\/producto\/camo-green-ak16007\/"]}]},{"@type":"ImageObject","inLanguage":"es","@id":"https:\/\/www.adaptart.com\/MARIO\/BOCETO\/WEB\/producto\/camo-green-ak16007\/#primaryimage","url":"https:\/\/www.adaptart.com\/MARIO\/BOCETO\/WEB\/wp-content\/uploads\/2023\/12\/AK16007.png","contentUrl":"https:\/\/www.adaptart.com\/MARIO\/BOCETO\/WEB\/wp-content\/uploads\/2023\/12\/AK16007.png","width":3840,"height":2179},{"@type":"BreadcrumbList","@id":"https:\/\/www.adaptart.com\/MARIO\/BOCETO\/WEB\/producto\/camo-green-ak16007\/#breadcrumb","itemListElement":[{"@type":"ListItem","position":1,"name":"Home","item":"https:\/\/www.adaptart.com\/MARIO\/BOCETO\/WEB\/"},{"@type":"ListItem","position":2,"name":"Shop","item":"https:\/\/www.adaptart.com\/MARIO\/BOCETO\/WEB\/shop\/"},{"@type":"ListItem","position":3,"name":"CAMO GREEN \u2013 AK16007"}]},{"@type":"WebSite","@id":"https:\/\/www.adaptart.com\/MARIO\/BOCETO\/WEB\/#website","url":"https:\/\/www.adaptart.com\/MARIO\/BOCETO\/WEB\/","name":"KADAZRA","description":"","potentialAction":[{"@type":"SearchAction","target":{"@type":"EntryPoint","urlTemplate":"https:\/\/www.adaptart.com\/MARIO\/BOCETO\/WEB\/?s={search_term_string}"},"query-input":{"@type":"PropertyValueSpecification","valueRequired":true,"valueName":"search_term_string"}}],"inLanguage":"es"}]}},"_links":{"self":[{"href":"https:\/\/www.adaptart.com\/MARIO\/BOCETO\/WEB\/wp-json\/wp\/v2\/product\/11972"}],"collection":[{"href":"https:\/\/www.adaptart.com\/MARIO\/BOCETO\/WEB\/wp-json\/wp\/v2\/product"}],"about":[{"href":"https:\/\/www.adaptart.com\/MARIO\/BOCETO\/WEB\/wp-json\/wp\/v2\/types\/product"}],"replies":[{"embeddable":true,"href":"https:\/\/www.adaptart.com\/MARIO\/BOCETO\/WEB\/wp-json\/wp\/v2\/comments?post=11972"}],"wp:featuredmedia":[{"embeddable":true,"href":"https:\/\/www.adaptart.com\/MARIO\/BOCETO\/WEB\/wp-json\/wp\/v2\/media\/12114"}],"wp:attachment":[{"href":"https:\/\/www.adaptart.com\/MARIO\/BOCETO\/WEB\/wp-json\/wp\/v2\/media?parent=11972"}],"wp:term":[{"taxonomy":"product_brand","embeddable":true,"href":"https:\/\/www.adaptart.com\/MARIO\/BOCETO\/WEB\/wp-json\/wp\/v2\/product_brand?post=11972"},{"taxonomy":"product_cat","embeddable":true,"href":"https:\/\/www.adaptart.com\/MARIO\/BOCETO\/WEB\/wp-json\/wp\/v2\/product_cat?post=11972"},{"taxonomy":"product_tag","embeddable":true,"href":"https:\/\/www.adaptart.com\/MARIO\/BOCETO\/WEB\/wp-json\/wp\/v2\/product_tag?post=11972"}],"curies":[{"name":"wp","href":"https:\/\/api.w.org\/{rel}","templated":true}]}}