{"id":11973,"date":"2024-10-05T16:56:24","date_gmt":"2024-10-05T16:56:24","guid":{"rendered":"https:\/\/www.adaptart.com\/MARIO\/BOCETO\/WEB\/?post_type=product&#038;p=11973"},"modified":"2024-10-05T18:59:17","modified_gmt":"2024-10-05T18:59:17","slug":"cold-green-color-punch-ak11273","status":"publish","type":"product","link":"https:\/\/www.adaptart.com\/MARIO\/BOCETO\/WEB\/producto\/cold-green-color-punch-ak11273\/","title":{"rendered":"COLD GREEN \u2013 COLOR PUNCH \u2013 AK11273"},"content":{"rendered":"","protected":false},"excerpt":{"rendered":"<p>COLOR PUNCH<\/p>\n<p>The 3GEN color range is extended with 10 new ultra-pigmented colors. These colors have been formulated for both shadow shades and much more vivid and intense mid-tones. Drop these colors onto your palette and dilute slightly to instantly see the punch of color they will bring to your miniautres, maintaining a lot of power even after blending. The intensity of the colors is not only in the pigments, saturation and shades, but also in the emotions they arouse. Get ready to immerse yourself in the experience of intense colors that redefine your ability to convey emotions. Let the creative explosion begin!<\/p>\n<p>La gama de colores 3GEN se ampl\u00eda con 10 nuevos colores ultra pigmentados. Estos colores han sido formulados para obtener tanto matices en sombra como tonos medios mucho m\u00e1s v\u00edvidos e intensos. Deposita estos colores en tu paleta y diluye ligeramente para ver al instante el punch de color que van a aportar a tus miniaturas, manteniendo mucha potencia incluso tras la realizaci\u00f3n de mezclas. La intensidad de los colores no solo reside en los pigmentos, en la saturaci\u00f3n y en los matices, sino tambi\u00e9n en las emociones que despiertan. Prep\u00e1rate para sumergirte en la experiencia de colores intensos que redefinen tu capacidad de transmitir emociones. \u00a1Que la explosi\u00f3n creativa comience!<\/p>\n","protected":false},"featured_media":12097,"comment_status":"open","ping_status":"closed","template":"","meta":[],"product_brand":[],"product_cat":[121,89],"product_tag":[],"class_list":{"0":"post-11973","1":"product","2":"type-product","3":"status-publish","4":"has-post-thumbnail","6":"product_cat-novedades","7":"product_cat-pinturas","10":"first","11":"instock","12":"taxable","13":"shipping-taxable","14":"purchasable","15":"product-type-simple"},"yoast_head":"<!-- This site is optimized with the Yoast SEO plugin v25.6 - https:\/\/yoast.com\/wordpress\/plugins\/seo\/ -->\n<title>COLD GREEN \u2013 COLOR PUNCH \u2013 AK11273 - KADAZRA<\/title>\n<meta name=\"robots\" content=\"index, follow, max-snippet:-1, max-image-preview:large, max-video-preview:-1\" \/>\n<link rel=\"canonical\" href=\"https:\/\/www.adaptart.com\/MARIO\/BOCETO\/WEB\/producto\/cold-green-color-punch-ak11273\/\" \/>\n<meta property=\"og:locale\" content=\"es_ES\" \/>\n<meta property=\"og:type\" content=\"article\" \/>\n<meta property=\"og:title\" content=\"COLD GREEN \u2013 COLOR PUNCH \u2013 AK11273 - KADAZRA\" \/>\n<meta property=\"og:description\" content=\"COLOR PUNCH  The 3GEN color range is extended with 10 new ultra-pigmented colors. These colors have been formulated for both shadow shades and much more vivid and intense mid-tones. Drop these colors onto your palette and dilute slightly to instantly see the punch of color they will bring to your miniautres, maintaining a lot of power even after blending. The intensity of the colors is not only in the pigments, saturation and shades, but also in the emotions they arouse. Get ready to immerse yourself in the experience of intense colors that redefine your ability to convey emotions. Let the creative explosion begin!  La gama de colores 3GEN se ampl\u00eda con 10 nuevos colores ultra pigmentados. Estos colores han sido formulados para obtener tanto matices en sombra como tonos medios mucho m\u00e1s v\u00edvidos e intensos. Deposita estos colores en tu paleta y diluye ligeramente para ver al instante el punch de color que van a aportar a tus miniaturas, manteniendo mucha potencia incluso tras la realizaci\u00f3n de mezclas. La intensidad de los colores no solo reside en los pigmentos, en la saturaci\u00f3n y en los matices, sino tambi\u00e9n en las emociones que despiertan. Prep\u00e1rate para sumergirte en la experiencia de colores intensos que redefinen tu capacidad de transmitir emociones. \u00a1Que la explosi\u00f3n creativa comience!\" \/>\n<meta property=\"og:url\" content=\"https:\/\/www.adaptart.com\/MARIO\/BOCETO\/WEB\/producto\/cold-green-color-punch-ak11273\/\" \/>\n<meta property=\"og:site_name\" content=\"KADAZRA\" \/>\n<meta property=\"article:modified_time\" content=\"2024-10-05T18:59:17+00:00\" \/>\n<meta property=\"og:image\" content=\"https:\/\/www.adaptart.com\/MARIO\/BOCETO\/WEB\/wp-content\/uploads\/2023\/12\/AK11273.jpg\" \/>\n\t<meta property=\"og:image:width\" content=\"1181\" \/>\n\t<meta property=\"og:image:height\" content=\"1181\" \/>\n\t<meta property=\"og:image:type\" content=\"image\/jpeg\" \/>\n<meta name=\"twitter:card\" content=\"summary_large_image\" \/>\n<meta name=\"twitter:label1\" content=\"Tiempo de lectura\" \/>\n\t<meta name=\"twitter:data1\" content=\"1 minuto\" \/>\n<script type=\"application\/ld+json\" class=\"yoast-schema-graph\">{\"@context\":\"https:\/\/schema.org\",\"@graph\":[{\"@type\":\"WebPage\",\"@id\":\"https:\/\/www.adaptart.com\/MARIO\/BOCETO\/WEB\/producto\/cold-green-color-punch-ak11273\/\",\"url\":\"https:\/\/www.adaptart.com\/MARIO\/BOCETO\/WEB\/producto\/cold-green-color-punch-ak11273\/\",\"name\":\"COLD GREEN \u2013 COLOR PUNCH \u2013 AK11273 - KADAZRA\",\"isPartOf\":{\"@id\":\"https:\/\/www.adaptart.com\/MARIO\/BOCETO\/WEB\/#website\"},\"primaryImageOfPage\":{\"@id\":\"https:\/\/www.adaptart.com\/MARIO\/BOCETO\/WEB\/producto\/cold-green-color-punch-ak11273\/#primaryimage\"},\"image\":{\"@id\":\"https:\/\/www.adaptart.com\/MARIO\/BOCETO\/WEB\/producto\/cold-green-color-punch-ak11273\/#primaryimage\"},\"thumbnailUrl\":\"https:\/\/www.adaptart.com\/MARIO\/BOCETO\/WEB\/wp-content\/uploads\/2023\/12\/AK11273.jpg\",\"datePublished\":\"2024-10-05T16:56:24+00:00\",\"dateModified\":\"2024-10-05T18:59:17+00:00\",\"breadcrumb\":{\"@id\":\"https:\/\/www.adaptart.com\/MARIO\/BOCETO\/WEB\/producto\/cold-green-color-punch-ak11273\/#breadcrumb\"},\"inLanguage\":\"es\",\"potentialAction\":[{\"@type\":\"ReadAction\",\"target\":[\"https:\/\/www.adaptart.com\/MARIO\/BOCETO\/WEB\/producto\/cold-green-color-punch-ak11273\/\"]}]},{\"@type\":\"ImageObject\",\"inLanguage\":\"es\",\"@id\":\"https:\/\/www.adaptart.com\/MARIO\/BOCETO\/WEB\/producto\/cold-green-color-punch-ak11273\/#primaryimage\",\"url\":\"https:\/\/www.adaptart.com\/MARIO\/BOCETO\/WEB\/wp-content\/uploads\/2023\/12\/AK11273.jpg\",\"contentUrl\":\"https:\/\/www.adaptart.com\/MARIO\/BOCETO\/WEB\/wp-content\/uploads\/2023\/12\/AK11273.jpg\",\"width\":1181,\"height\":1181},{\"@type\":\"BreadcrumbList\",\"@id\":\"https:\/\/www.adaptart.com\/MARIO\/BOCETO\/WEB\/producto\/cold-green-color-punch-ak11273\/#breadcrumb\",\"itemListElement\":[{\"@type\":\"ListItem\",\"position\":1,\"name\":\"Home\",\"item\":\"https:\/\/www.adaptart.com\/MARIO\/BOCETO\/WEB\/\"},{\"@type\":\"ListItem\",\"position\":2,\"name\":\"Shop\",\"item\":\"https:\/\/www.adaptart.com\/MARIO\/BOCETO\/WEB\/shop\/\"},{\"@type\":\"ListItem\",\"position\":3,\"name\":\"COLD GREEN \u2013 COLOR PUNCH \u2013 AK11273\"}]},{\"@type\":\"WebSite\",\"@id\":\"https:\/\/www.adaptart.com\/MARIO\/BOCETO\/WEB\/#website\",\"url\":\"https:\/\/www.adaptart.com\/MARIO\/BOCETO\/WEB\/\",\"name\":\"KADAZRA\",\"description\":\"\",\"potentialAction\":[{\"@type\":\"SearchAction\",\"target\":{\"@type\":\"EntryPoint\",\"urlTemplate\":\"https:\/\/www.adaptart.com\/MARIO\/BOCETO\/WEB\/?s={search_term_string}\"},\"query-input\":{\"@type\":\"PropertyValueSpecification\",\"valueRequired\":true,\"valueName\":\"search_term_string\"}}],\"inLanguage\":\"es\"}]}<\/script>\n<!-- \/ Yoast SEO plugin. -->","yoast_head_json":{"title":"COLD GREEN \u2013 COLOR PUNCH \u2013 AK11273 - KADAZRA","robots":{"index":"index","follow":"follow","max-snippet":"max-snippet:-1","max-image-preview":"max-image-preview:large","max-video-preview":"max-video-preview:-1"},"canonical":"https:\/\/www.adaptart.com\/MARIO\/BOCETO\/WEB\/producto\/cold-green-color-punch-ak11273\/","og_locale":"es_ES","og_type":"article","og_title":"COLD GREEN \u2013 COLOR PUNCH \u2013 AK11273 - KADAZRA","og_description":"COLOR PUNCH  The 3GEN color range is extended with 10 new ultra-pigmented colors. These colors have been formulated for both shadow shades and much more vivid and intense mid-tones. Drop these colors onto your palette and dilute slightly to instantly see the punch of color they will bring to your miniautres, maintaining a lot of power even after blending. The intensity of the colors is not only in the pigments, saturation and shades, but also in the emotions they arouse. Get ready to immerse yourself in the experience of intense colors that redefine your ability to convey emotions. Let the creative explosion begin!  La gama de colores 3GEN se ampl\u00eda con 10 nuevos colores ultra pigmentados. Estos colores han sido formulados para obtener tanto matices en sombra como tonos medios mucho m\u00e1s v\u00edvidos e intensos. Deposita estos colores en tu paleta y diluye ligeramente para ver al instante el punch de color que van a aportar a tus miniaturas, manteniendo mucha potencia incluso tras la realizaci\u00f3n de mezclas. La intensidad de los colores no solo reside en los pigmentos, en la saturaci\u00f3n y en los matices, sino tambi\u00e9n en las emociones que despiertan. Prep\u00e1rate para sumergirte en la experiencia de colores intensos que redefinen tu capacidad de transmitir emociones. \u00a1Que la explosi\u00f3n creativa comience!","og_url":"https:\/\/www.adaptart.com\/MARIO\/BOCETO\/WEB\/producto\/cold-green-color-punch-ak11273\/","og_site_name":"KADAZRA","article_modified_time":"2024-10-05T18:59:17+00:00","og_image":[{"width":1181,"height":1181,"url":"https:\/\/www.adaptart.com\/MARIO\/BOCETO\/WEB\/wp-content\/uploads\/2023\/12\/AK11273.jpg","type":"image\/jpeg"}],"twitter_card":"summary_large_image","twitter_misc":{"Tiempo de lectura":"1 minuto"},"schema":{"@context":"https:\/\/schema.org","@graph":[{"@type":"WebPage","@id":"https:\/\/www.adaptart.com\/MARIO\/BOCETO\/WEB\/producto\/cold-green-color-punch-ak11273\/","url":"https:\/\/www.adaptart.com\/MARIO\/BOCETO\/WEB\/producto\/cold-green-color-punch-ak11273\/","name":"COLD GREEN \u2013 COLOR PUNCH \u2013 AK11273 - KADAZRA","isPartOf":{"@id":"https:\/\/www.adaptart.com\/MARIO\/BOCETO\/WEB\/#website"},"primaryImageOfPage":{"@id":"https:\/\/www.adaptart.com\/MARIO\/BOCETO\/WEB\/producto\/cold-green-color-punch-ak11273\/#primaryimage"},"image":{"@id":"https:\/\/www.adaptart.com\/MARIO\/BOCETO\/WEB\/producto\/cold-green-color-punch-ak11273\/#primaryimage"},"thumbnailUrl":"https:\/\/www.adaptart.com\/MARIO\/BOCETO\/WEB\/wp-content\/uploads\/2023\/12\/AK11273.jpg","datePublished":"2024-10-05T16:56:24+00:00","dateModified":"2024-10-05T18:59:17+00:00","breadcrumb":{"@id":"https:\/\/www.adaptart.com\/MARIO\/BOCETO\/WEB\/producto\/cold-green-color-punch-ak11273\/#breadcrumb"},"inLanguage":"es","potentialAction":[{"@type":"ReadAction","target":["https:\/\/www.adaptart.com\/MARIO\/BOCETO\/WEB\/producto\/cold-green-color-punch-ak11273\/"]}]},{"@type":"ImageObject","inLanguage":"es","@id":"https:\/\/www.adaptart.com\/MARIO\/BOCETO\/WEB\/producto\/cold-green-color-punch-ak11273\/#primaryimage","url":"https:\/\/www.adaptart.com\/MARIO\/BOCETO\/WEB\/wp-content\/uploads\/2023\/12\/AK11273.jpg","contentUrl":"https:\/\/www.adaptart.com\/MARIO\/BOCETO\/WEB\/wp-content\/uploads\/2023\/12\/AK11273.jpg","width":1181,"height":1181},{"@type":"BreadcrumbList","@id":"https:\/\/www.adaptart.com\/MARIO\/BOCETO\/WEB\/producto\/cold-green-color-punch-ak11273\/#breadcrumb","itemListElement":[{"@type":"ListItem","position":1,"name":"Home","item":"https:\/\/www.adaptart.com\/MARIO\/BOCETO\/WEB\/"},{"@type":"ListItem","position":2,"name":"Shop","item":"https:\/\/www.adaptart.com\/MARIO\/BOCETO\/WEB\/shop\/"},{"@type":"ListItem","position":3,"name":"COLD GREEN \u2013 COLOR PUNCH \u2013 AK11273"}]},{"@type":"WebSite","@id":"https:\/\/www.adaptart.com\/MARIO\/BOCETO\/WEB\/#website","url":"https:\/\/www.adaptart.com\/MARIO\/BOCETO\/WEB\/","name":"KADAZRA","description":"","potentialAction":[{"@type":"SearchAction","target":{"@type":"EntryPoint","urlTemplate":"https:\/\/www.adaptart.com\/MARIO\/BOCETO\/WEB\/?s={search_term_string}"},"query-input":{"@type":"PropertyValueSpecification","valueRequired":true,"valueName":"search_term_string"}}],"inLanguage":"es"}]}},"_links":{"self":[{"href":"https:\/\/www.adaptart.com\/MARIO\/BOCETO\/WEB\/wp-json\/wp\/v2\/product\/11973"}],"collection":[{"href":"https:\/\/www.adaptart.com\/MARIO\/BOCETO\/WEB\/wp-json\/wp\/v2\/product"}],"about":[{"href":"https:\/\/www.adaptart.com\/MARIO\/BOCETO\/WEB\/wp-json\/wp\/v2\/types\/product"}],"replies":[{"embeddable":true,"href":"https:\/\/www.adaptart.com\/MARIO\/BOCETO\/WEB\/wp-json\/wp\/v2\/comments?post=11973"}],"wp:featuredmedia":[{"embeddable":true,"href":"https:\/\/www.adaptart.com\/MARIO\/BOCETO\/WEB\/wp-json\/wp\/v2\/media\/12097"}],"wp:attachment":[{"href":"https:\/\/www.adaptart.com\/MARIO\/BOCETO\/WEB\/wp-json\/wp\/v2\/media?parent=11973"}],"wp:term":[{"taxonomy":"product_brand","embeddable":true,"href":"https:\/\/www.adaptart.com\/MARIO\/BOCETO\/WEB\/wp-json\/wp\/v2\/product_brand?post=11973"},{"taxonomy":"product_cat","embeddable":true,"href":"https:\/\/www.adaptart.com\/MARIO\/BOCETO\/WEB\/wp-json\/wp\/v2\/product_cat?post=11973"},{"taxonomy":"product_tag","embeddable":true,"href":"https:\/\/www.adaptart.com\/MARIO\/BOCETO\/WEB\/wp-json\/wp\/v2\/product_tag?post=11973"}],"curies":[{"name":"wp","href":"https:\/\/api.w.org\/{rel}","templated":true}]}}